{"id":81,"date":"2016-06-29T18:18:44","date_gmt":"2016-06-29T18:18:44","guid":{"rendered":"http:\/\/www.robertoguillen.com\/?page_id=81"},"modified":"2017-12-18T22:04:50","modified_gmt":"2017-12-18T22:04:50","slug":"serie-stempeltuschers","status":"publish","type":"page","link":"http:\/\/www.robertoguillen.com\/?page_id=81","title":{"rendered":"Serie STEMPELTUSCHERS"},"content":{"rendered":"<p><strong>T\u00edtulo:<\/strong> Serie STEMPELTUSCHERS<br \/>\n<strong>Medidas:<\/strong> 102&#215;70 cada.<br \/>\n<strong>T\u00e9cnica:<\/strong> Tamp\u00f3n de tinta sobre papel.<br \/>\n<strong>A\u00f1o:<\/strong> 2014.<\/p>\n<p>Repetici\u00f3n sistem\u00e1tica con tampones de tinta para ni\u00f1os de la cadena de tiendas TIGER.<br \/>\nCalaveras, Corazones, Soles, Ara\u00f1as, Estrellas y Cabezas de Perro. Registro del n\u00famero total de repeticiones.<\/p>\n<hr \/>\n<p><img loading=\"lazy\" class=\"aligncenter size-full wp-image-503\" src=\"http:\/\/www.robertoguillen.com\/wp-content\/uploads\/2017\/12\/Serie-Stempeltuschers.jpg\" alt=\"\" width=\"1250\" height=\"295\" srcset=\"http:\/\/www.robertoguillen.com\/wp-content\/uploads\/2017\/12\/Serie-Stempeltuschers.jpg 1250w, http:\/\/www.robertoguillen.com\/wp-content\/uploads\/2017\/12\/Serie-Stempeltuschers-300x71.jpg 300w, http:\/\/www.robertoguillen.com\/wp-content\/uploads\/2017\/12\/Serie-Stempeltuschers-768x181.jpg 768w, http:\/\/www.robertoguillen.com\/wp-content\/uploads\/2017\/12\/Serie-Stempeltuschers-1024x242.jpg 1024w\" sizes=\"(max-width: 1250px) 100vw, 1250px\" \/><\/p>\n<hr \/>\n<p style=\"text-align: center;\">.13427 Skulls After.<img loading=\"lazy\" class=\"aligncenter wp-image-96 size-full\" src=\"http:\/\/www.robertoguillen.com\/wp-content\/uploads\/2016\/06\/13427-Skulls-After-102x70-2014-1.jpg\" width=\"800\" height=\"1204\" srcset=\"http:\/\/www.robertoguillen.com\/wp-content\/uploads\/2016\/06\/13427-Skulls-After-102x70-2014-1.jpg 800w, http:\/\/www.robertoguillen.com\/wp-content\/uploads\/2016\/06\/13427-Skulls-After-102x70-2014-1-199x300.jpg 199w, http:\/\/www.robertoguillen.com\/wp-content\/uploads\/2016\/06\/13427-Skulls-After-102x70-2014-1-768x1156.jpg 768w, http:\/\/www.robertoguillen.com\/wp-content\/uploads\/2016\/06\/13427-Skulls-After-102x70-2014-1-680x1024.jpg 680w\" sizes=\"(max-width: 800px) 100vw, 800px\" \/><\/p>\n<hr \/>\n<p style=\"text-align: center;\">.12569 Hearts After.<img loading=\"lazy\" class=\"aligncenter wp-image-94 size-full\" src=\"http:\/\/www.robertoguillen.com\/wp-content\/uploads\/2016\/06\/12569-Hearts-After-102x70-2014-1.jpg\" width=\"800\" height=\"1204\" srcset=\"http:\/\/www.robertoguillen.com\/wp-content\/uploads\/2016\/06\/12569-Hearts-After-102x70-2014-1.jpg 800w, http:\/\/www.robertoguillen.com\/wp-content\/uploads\/2016\/06\/12569-Hearts-After-102x70-2014-1-199x300.jpg 199w, http:\/\/www.robertoguillen.com\/wp-content\/uploads\/2016\/06\/12569-Hearts-After-102x70-2014-1-768x1156.jpg 768w, http:\/\/www.robertoguillen.com\/wp-content\/uploads\/2016\/06\/12569-Hearts-After-102x70-2014-1-680x1024.jpg 680w\" sizes=\"(max-width: 800px) 100vw, 800px\" \/><\/p>\n<hr \/>\n<p style=\"text-align: center;\">.9360 Suns After.<img loading=\"lazy\" class=\"aligncenter wp-image-93 size-full\" src=\"http:\/\/www.robertoguillen.com\/wp-content\/uploads\/2016\/06\/9360-Suns-After-102x70-2014-1.jpg\" width=\"800\" height=\"1204\" srcset=\"http:\/\/www.robertoguillen.com\/wp-content\/uploads\/2016\/06\/9360-Suns-After-102x70-2014-1.jpg 800w, http:\/\/www.robertoguillen.com\/wp-content\/uploads\/2016\/06\/9360-Suns-After-102x70-2014-1-199x300.jpg 199w, http:\/\/www.robertoguillen.com\/wp-content\/uploads\/2016\/06\/9360-Suns-After-102x70-2014-1-768x1156.jpg 768w, http:\/\/www.robertoguillen.com\/wp-content\/uploads\/2016\/06\/9360-Suns-After-102x70-2014-1-680x1024.jpg 680w\" sizes=\"(max-width: 800px) 100vw, 800px\" \/><\/p>\n<hr \/>\n<p style=\"text-align: center;\">.12688 Spiders After.<img loading=\"lazy\" class=\"aligncenter wp-image-95 size-full\" src=\"http:\/\/www.robertoguillen.com\/wp-content\/uploads\/2016\/06\/12688-Spiders-After-102x70-2014-1.jpg\" width=\"800\" height=\"1204\" srcset=\"http:\/\/www.robertoguillen.com\/wp-content\/uploads\/2016\/06\/12688-Spiders-After-102x70-2014-1.jpg 800w, http:\/\/www.robertoguillen.com\/wp-content\/uploads\/2016\/06\/12688-Spiders-After-102x70-2014-1-199x300.jpg 199w, http:\/\/www.robertoguillen.com\/wp-content\/uploads\/2016\/06\/12688-Spiders-After-102x70-2014-1-768x1156.jpg 768w, http:\/\/www.robertoguillen.com\/wp-content\/uploads\/2016\/06\/12688-Spiders-After-102x70-2014-1-680x1024.jpg 680w\" sizes=\"(max-width: 800px) 100vw, 800px\" \/><\/p>\n<hr \/>\n<p style=\"text-align: center;\">.9247 Stars After.<img loading=\"lazy\" class=\"aligncenter wp-image-92 size-full\" src=\"http:\/\/www.robertoguillen.com\/wp-content\/uploads\/2016\/06\/9247-Stars-After-1024x70-2014-1.jpg\" width=\"800\" height=\"1204\" srcset=\"http:\/\/www.robertoguillen.com\/wp-content\/uploads\/2016\/06\/9247-Stars-After-1024x70-2014-1.jpg 800w, http:\/\/www.robertoguillen.com\/wp-content\/uploads\/2016\/06\/9247-Stars-After-1024x70-2014-1-199x300.jpg 199w, http:\/\/www.robertoguillen.com\/wp-content\/uploads\/2016\/06\/9247-Stars-After-1024x70-2014-1-768x1156.jpg 768w, http:\/\/www.robertoguillen.com\/wp-content\/uploads\/2016\/06\/9247-Stars-After-1024x70-2014-1-680x1024.jpg 680w\" sizes=\"(max-width: 800px) 100vw, 800px\" \/><\/p>\n<hr \/>\n<p style=\"text-align: center;\">.14628 Dogheads After.<img loading=\"lazy\" class=\"aligncenter wp-image-97 size-full\" src=\"http:\/\/www.robertoguillen.com\/wp-content\/uploads\/2016\/06\/14628-Dogheads-After-102x70-2014-1.jpg\" width=\"800\" height=\"1204\" srcset=\"http:\/\/www.robertoguillen.com\/wp-content\/uploads\/2016\/06\/14628-Dogheads-After-102x70-2014-1.jpg 800w, http:\/\/www.robertoguillen.com\/wp-content\/uploads\/2016\/06\/14628-Dogheads-After-102x70-2014-1-199x300.jpg 199w, http:\/\/www.robertoguillen.com\/wp-content\/uploads\/2016\/06\/14628-Dogheads-After-102x70-2014-1-768x1156.jpg 768w, http:\/\/www.robertoguillen.com\/wp-content\/uploads\/2016\/06\/14628-Dogheads-After-102x70-2014-1-680x1024.jpg 680w\" sizes=\"(max-width: 800px) 100vw, 800px\" \/><\/p>\n","protected":false},"excerpt":{"rendered":"<p>T\u00edtulo: Serie STEMPELTUSCHERS Medidas: 102&#215;70 cada. T\u00e9cnica: Tamp\u00f3n de tinta sobre papel. A\u00f1o: 2014. Repetici\u00f3n sistem\u00e1tica con tampones de tinta para ni\u00f1os de la cadena de tiendas TIGER. Calaveras, Corazones, Soles, Ara\u00f1as, Estrellas y Cabezas de Perro. Registro del n\u00famero total de repeticiones. .13427 Skulls After. .12569 Hearts After. .9360 Suns After. .12688 Spiders After.&hellip; <a class=\"more-link\" href=\"http:\/\/www.robertoguillen.com\/?page_id=81\">Seguir leyendo <span class=\"screen-reader-text\">Serie STEMPELTUSCHERS<\/span><\/a><\/p>\n","protected":false},"author":1,"featured_media":0,"parent":0,"menu_order":0,"comment_status":"closed","ping_status":"closed","template":"","meta":[],"_links":{"self":[{"href":"http:\/\/www.robertoguillen.com\/index.php?rest_route=\/wp\/v2\/pages\/81"}],"collection":[{"href":"http:\/\/www.robertoguillen.com\/index.php?rest_route=\/wp\/v2\/pages"}],"about":[{"href":"http:\/\/www.robertoguillen.com\/index.php?rest_route=\/wp\/v2\/types\/page"}],"author":[{"embeddable":true,"href":"http:\/\/www.robertoguillen.com\/index.php?rest_route=\/wp\/v2\/users\/1"}],"replies":[{"embeddable":true,"href":"http:\/\/www.robertoguillen.com\/index.php?rest_route=%2Fwp%2Fv2%2Fcomments&post=81"}],"version-history":[{"count":6,"href":"http:\/\/www.robertoguillen.com\/index.php?rest_route=\/wp\/v2\/pages\/81\/revisions"}],"predecessor-version":[{"id":504,"href":"http:\/\/www.robertoguillen.com\/index.php?rest_route=\/wp\/v2\/pages\/81\/revisions\/504"}],"wp:attachment":[{"href":"http:\/\/www.robertoguillen.com\/index.php?rest_route=%2Fwp%2Fv2%2Fmedia&parent=81"}],"curies":[{"name":"wp","href":"https:\/\/api.w.org\/{rel}","templated":true}]}}