{"id":744,"date":"2020-01-03T18:59:45","date_gmt":"2020-01-03T18:59:45","guid":{"rendered":"http:\/\/www.robertoguillen.com\/?page_id=744"},"modified":"2021-02-18T09:34:24","modified_gmt":"2021-02-18T09:34:24","slug":"spam-2019","status":"publish","type":"page","link":"http:\/\/www.robertoguillen.com\/?page_id=744","title":{"rendered":"SPAM 2019."},"content":{"rendered":"\n<p>La idea de este proyecto era realizar el listado (con Hiperv\u00edculos) de todos los correos catalogados como SPAM que recibo durante el a\u00f1o en mi correo personal. Durante el a\u00f1o 2018, pude realizar este proyecto de una forma m\u00e1s o menos decente. Ya que el flujo de dichos correos era peque\u00f1o. De entre dos y diez al d\u00eda. Con lo que me permit\u00eda poder ir actualizando la lista de registro manualmente.<\/p>\n\n\n\n<p>El problema viene cuando, a partir del a\u00f1o 2019, el flujo de dichos correos se multiplica exponencialmente. Pasa a ser de entre veinte y treinta correos todos los d\u00edas. Derivando as\u00ed en una imposibilidad para poder realizar la lista. Tener que trabajar para comer es lo que tiene. Que te ocupa el tiempo. Y hasta que pueda vivir del arte toca apalancar.<\/p>\n\n\n\n<p>Pero como no lo he dado todo por perdido, y sigo desarrollando estos proyectos de cuantificaci\u00f3n y acumulaci\u00f3n en un perfil bajo, pues durante el a\u00f1o 2019 me dediqu\u00e9 a acumular en una carpeta de mi correo personal todos los correos de spam. Est\u00e1n acumulados. No pasados a una lista.<\/p>\n\n\n\n<p>La totalidad de correos <strong><em>SPAM<\/em><\/strong> recibidos durante el a\u00f1o 2019 en mi cuenta de correo personal ha sido de <strong><em>8486<\/em><\/strong>. Y he de decir que si durante el a\u00f1o 2017 y el 2018 hab\u00eda variedad en estos correos SPAM, durante el a\u00f1o 2019 la inmensa mayor\u00eda de ellos a sido de \u00edndole sexual.<\/p>\n\n\n\n<p><strong>La basura digital contin\u00faa fluyendo.<\/strong><\/p>\n","protected":false},"excerpt":{"rendered":"<p>La idea de este proyecto era realizar el listado (con Hiperv\u00edculos) de todos los correos catalogados como SPAM que recibo durante el a\u00f1o en mi correo personal. Durante el a\u00f1o 2018, pude realizar este proyecto de una forma m\u00e1s o menos decente. Ya que el flujo de dichos correos era peque\u00f1o. De entre dos y&hellip; <a class=\"more-link\" href=\"http:\/\/www.robertoguillen.com\/?page_id=744\">Seguir leyendo <span class=\"screen-reader-text\">SPAM 2019.<\/span><\/a><\/p>\n","protected":false},"author":1,"featured_media":0,"parent":0,"menu_order":0,"comment_status":"closed","ping_status":"closed","template":"","meta":[],"_links":{"self":[{"href":"http:\/\/www.robertoguillen.com\/index.php?rest_route=\/wp\/v2\/pages\/744"}],"collection":[{"href":"http:\/\/www.robertoguillen.com\/index.php?rest_route=\/wp\/v2\/pages"}],"about":[{"href":"http:\/\/www.robertoguillen.com\/index.php?rest_route=\/wp\/v2\/types\/page"}],"author":[{"embeddable":true,"href":"http:\/\/www.robertoguillen.com\/index.php?rest_route=\/wp\/v2\/users\/1"}],"replies":[{"embeddable":true,"href":"http:\/\/www.robertoguillen.com\/index.php?rest_route=%2Fwp%2Fv2%2Fcomments&post=744"}],"version-history":[{"count":4,"href":"http:\/\/www.robertoguillen.com\/index.php?rest_route=\/wp\/v2\/pages\/744\/revisions"}],"predecessor-version":[{"id":867,"href":"http:\/\/www.robertoguillen.com\/index.php?rest_route=\/wp\/v2\/pages\/744\/revisions\/867"}],"wp:attachment":[{"href":"http:\/\/www.robertoguillen.com\/index.php?rest_route=%2Fwp%2Fv2%2Fmedia&parent=744"}],"curies":[{"name":"wp","href":"https:\/\/api.w.org\/{rel}","templated":true}]}}