{"id":650,"date":"2018-07-01T18:36:39","date_gmt":"2018-07-01T18:36:39","guid":{"rendered":"http:\/\/www.robertoguillen.com\/?page_id=650"},"modified":"2018-07-01T18:36:53","modified_gmt":"2018-07-01T18:36:53","slug":"abstraccion-2","status":"publish","type":"page","link":"http:\/\/www.robertoguillen.com\/?page_id=650","title":{"rendered":"2015"},"content":{"rendered":"<hr \/>\n<p><img loading=\"lazy\" class=\"aligncenter size-full wp-image-401\" src=\"http:\/\/www.robertoguillen.com\/wp-content\/uploads\/2016\/08\/Rojo-Fuego-casi-Chicle-sin-acabar-100x70-2015.jpg\" alt=\"\" width=\"1200\" height=\"1596\" srcset=\"http:\/\/www.robertoguillen.com\/wp-content\/uploads\/2016\/08\/Rojo-Fuego-casi-Chicle-sin-acabar-100x70-2015.jpg 1200w, http:\/\/www.robertoguillen.com\/wp-content\/uploads\/2016\/08\/Rojo-Fuego-casi-Chicle-sin-acabar-100x70-2015-226x300.jpg 226w, http:\/\/www.robertoguillen.com\/wp-content\/uploads\/2016\/08\/Rojo-Fuego-casi-Chicle-sin-acabar-100x70-2015-768x1021.jpg 768w, http:\/\/www.robertoguillen.com\/wp-content\/uploads\/2016\/08\/Rojo-Fuego-casi-Chicle-sin-acabar-100x70-2015-770x1024.jpg 770w\" sizes=\"(max-width: 1200px) 100vw, 1200px\" \/><\/p>\n<p style=\"text-align: center;\"><strong>T\u00edtulo:<\/strong> Rojo Fuego casi Chicle (Sin Acabar).<br \/>\n<strong>Medidas:<\/strong> 100&#215;70.<br \/>\n<strong>T\u00e9cnica: <\/strong>Acr\u00edlico y L\u00e1piz sobre Tela.<br \/>\n<strong>A\u00f1o:<\/strong> 2015.<\/p>\n<hr \/>\n<p><img loading=\"lazy\" class=\"aligncenter size-full wp-image-400\" src=\"http:\/\/www.robertoguillen.com\/wp-content\/uploads\/2016\/08\/Physis-100x81-2015.jpg\" alt=\"\" width=\"1200\" height=\"1806\" srcset=\"http:\/\/www.robertoguillen.com\/wp-content\/uploads\/2016\/08\/Physis-100x81-2015.jpg 1200w, http:\/\/www.robertoguillen.com\/wp-content\/uploads\/2016\/08\/Physis-100x81-2015-199x300.jpg 199w, http:\/\/www.robertoguillen.com\/wp-content\/uploads\/2016\/08\/Physis-100x81-2015-768x1156.jpg 768w, http:\/\/www.robertoguillen.com\/wp-content\/uploads\/2016\/08\/Physis-100x81-2015-680x1024.jpg 680w\" sizes=\"(max-width: 1200px) 100vw, 1200px\" \/><\/p>\n<p style=\"text-align: center;\"><strong>T\u00edtulo:<\/strong> Physis.<br \/>\n<strong>Medidas:<\/strong> 100&#215;81.<br \/>\n<strong>T\u00e9cnica: <\/strong>Acr\u00edlico y Spray sobre Tela.<br \/>\n<strong>A\u00f1o:<\/strong> 2015.<\/p>\n<hr \/>\n<p><img loading=\"lazy\" class=\"aligncenter size-full wp-image-403\" src=\"http:\/\/www.robertoguillen.com\/wp-content\/uploads\/2016\/08\/Eulogy-50x50-2015.jpg\" alt=\"\" width=\"1200\" height=\"1200\" srcset=\"http:\/\/www.robertoguillen.com\/wp-content\/uploads\/2016\/08\/Eulogy-50x50-2015.jpg 1200w, http:\/\/www.robertoguillen.com\/wp-content\/uploads\/2016\/08\/Eulogy-50x50-2015-150x150.jpg 150w, http:\/\/www.robertoguillen.com\/wp-content\/uploads\/2016\/08\/Eulogy-50x50-2015-300x300.jpg 300w, http:\/\/www.robertoguillen.com\/wp-content\/uploads\/2016\/08\/Eulogy-50x50-2015-768x768.jpg 768w, http:\/\/www.robertoguillen.com\/wp-content\/uploads\/2016\/08\/Eulogy-50x50-2015-1024x1024.jpg 1024w\" sizes=\"(max-width: 1200px) 100vw, 1200px\" \/><\/p>\n<p>&nbsp;<\/p>\n<p style=\"text-align: center;\"><strong>T\u00edtulo:<\/strong> Eulogy.<br \/>\n<strong>Medidas:<\/strong> 50&#215;50.<br \/>\n<strong>T\u00e9cnica: <\/strong>Acr\u00edlico y Spray sobre Tela.<br \/>\n<strong>A\u00f1o:<\/strong> 2015.<\/p>\n<hr \/>\n","protected":false},"excerpt":{"rendered":"<p>T\u00edtulo: Rojo Fuego casi Chicle (Sin Acabar). Medidas: 100&#215;70. T\u00e9cnica: Acr\u00edlico y L\u00e1piz sobre Tela. A\u00f1o: 2015. T\u00edtulo: Physis. Medidas: 100&#215;81. T\u00e9cnica: Acr\u00edlico y Spray sobre Tela. A\u00f1o: 2015. &nbsp; T\u00edtulo: Eulogy. Medidas: 50&#215;50. T\u00e9cnica: Acr\u00edlico y Spray sobre Tela. A\u00f1o: 2015.<\/p>\n","protected":false},"author":1,"featured_media":0,"parent":0,"menu_order":0,"comment_status":"closed","ping_status":"closed","template":"","meta":[],"_links":{"self":[{"href":"http:\/\/www.robertoguillen.com\/index.php?rest_route=\/wp\/v2\/pages\/650"}],"collection":[{"href":"http:\/\/www.robertoguillen.com\/index.php?rest_route=\/wp\/v2\/pages"}],"about":[{"href":"http:\/\/www.robertoguillen.com\/index.php?rest_route=\/wp\/v2\/types\/page"}],"author":[{"embeddable":true,"href":"http:\/\/www.robertoguillen.com\/index.php?rest_route=\/wp\/v2\/users\/1"}],"replies":[{"embeddable":true,"href":"http:\/\/www.robertoguillen.com\/index.php?rest_route=%2Fwp%2Fv2%2Fcomments&post=650"}],"version-history":[{"count":3,"href":"http:\/\/www.robertoguillen.com\/index.php?rest_route=\/wp\/v2\/pages\/650\/revisions"}],"predecessor-version":[{"id":653,"href":"http:\/\/www.robertoguillen.com\/index.php?rest_route=\/wp\/v2\/pages\/650\/revisions\/653"}],"wp:attachment":[{"href":"http:\/\/www.robertoguillen.com\/index.php?rest_route=%2Fwp%2Fv2%2Fmedia&parent=650"}],"curies":[{"name":"wp","href":"https:\/\/api.w.org\/{rel}","templated":true}]}}