{"id":648,"date":"2018-07-01T18:35:16","date_gmt":"2018-07-01T18:35:16","guid":{"rendered":"http:\/\/www.robertoguillen.com\/?page_id=648"},"modified":"2018-07-01T18:41:08","modified_gmt":"2018-07-01T18:41:08","slug":"2014-2","status":"publish","type":"page","link":"http:\/\/www.robertoguillen.com\/?page_id=648","title":{"rendered":"2014"},"content":{"rendered":"<hr \/>\n<p><img loading=\"lazy\" class=\"aligncenter size-full wp-image-205\" src=\"http:\/\/www.robertoguillen.com\/wp-content\/uploads\/2016\/08\/Ascension.jpg\" alt=\"Ascension\" width=\"768\" height=\"1024\" srcset=\"http:\/\/www.robertoguillen.com\/wp-content\/uploads\/2016\/08\/Ascension.jpg 768w, http:\/\/www.robertoguillen.com\/wp-content\/uploads\/2016\/08\/Ascension-225x300.jpg 225w\" sizes=\"(max-width: 768px) 100vw, 768px\" \/><\/p>\n<p style=\"text-align: center;\"><strong>T\u00edtulo:<\/strong> Ascension.<br \/>\n<strong>Medidas:<\/strong> 129&#215;96,5.<br \/>\n<strong>T\u00e9cnica: <\/strong>Acr\u00edlico sobre Tela.<br \/>\n<strong>A\u00f1o:<\/strong> 2014.<\/p>\n<hr \/>\n<p><img loading=\"lazy\" class=\"aligncenter size-full wp-image-402\" src=\"http:\/\/www.robertoguillen.com\/wp-content\/uploads\/2016\/08\/My-Creepy-Creepy-Heart-116x89-2014.jpg\" alt=\"\" width=\"1200\" height=\"930\" srcset=\"http:\/\/www.robertoguillen.com\/wp-content\/uploads\/2016\/08\/My-Creepy-Creepy-Heart-116x89-2014.jpg 1200w, http:\/\/www.robertoguillen.com\/wp-content\/uploads\/2016\/08\/My-Creepy-Creepy-Heart-116x89-2014-300x233.jpg 300w, http:\/\/www.robertoguillen.com\/wp-content\/uploads\/2016\/08\/My-Creepy-Creepy-Heart-116x89-2014-768x595.jpg 768w, http:\/\/www.robertoguillen.com\/wp-content\/uploads\/2016\/08\/My-Creepy-Creepy-Heart-116x89-2014-1024x794.jpg 1024w\" sizes=\"(max-width: 1200px) 100vw, 1200px\" \/><\/p>\n<p style=\"text-align: center;\"><strong>T\u00edtulo:<\/strong> My Creepy, Creepy Heart.<br \/>\n<strong>Medidas:<\/strong> 116&#215;89.<br \/>\n<strong>T\u00e9cnica: <\/strong>Acr\u00edlico sobre Tela.<br \/>\n<strong>A\u00f1o:<\/strong> 2014.<\/p>\n<hr \/>\n<p style=\"text-align: center;\"><img loading=\"lazy\" class=\"aligncenter size-full wp-image-207\" src=\"http:\/\/www.robertoguillen.com\/wp-content\/uploads\/2016\/08\/Destroy-My-Love.jpg\" alt=\"Destroy, My Love\" width=\"768\" height=\"1024\" srcset=\"http:\/\/www.robertoguillen.com\/wp-content\/uploads\/2016\/08\/Destroy-My-Love.jpg 768w, http:\/\/www.robertoguillen.com\/wp-content\/uploads\/2016\/08\/Destroy-My-Love-225x300.jpg 225w\" sizes=\"(max-width: 768px) 100vw, 768px\" \/><\/p>\n<p style=\"text-align: center;\"><strong>T\u00edtulo:<\/strong> Destroy, My Love.<br \/>\n<strong>Medidas:<\/strong> 100&#215;81.<br \/>\n<strong>T\u00e9cnica: <\/strong>Acr\u00edlico sobre Tela.<br \/>\n<strong>A\u00f1o:<\/strong> 2014.<\/p>\n<hr \/>\n<p><img loading=\"lazy\" class=\"aligncenter size-full wp-image-202\" src=\"http:\/\/www.robertoguillen.com\/wp-content\/uploads\/2016\/08\/ThePath.jpg\" alt=\"ThePath\" width=\"768\" height=\"1024\" srcset=\"http:\/\/www.robertoguillen.com\/wp-content\/uploads\/2016\/08\/ThePath.jpg 768w, http:\/\/www.robertoguillen.com\/wp-content\/uploads\/2016\/08\/ThePath-225x300.jpg 225w\" sizes=\"(max-width: 768px) 100vw, 768px\" \/><\/p>\n<p style=\"text-align: center;\"><strong>T\u00edtulo:<\/strong> The Path.<br \/>\n<strong>Medidas:<\/strong> 100&#215;81.<br \/>\n<strong>T\u00e9cnica: <\/strong>Acr\u00edlico y Spray sobre Tela.<br \/>\n<strong>A\u00f1o:<\/strong> 2014.<\/p>\n<hr \/>\n<p><img loading=\"lazy\" class=\"aligncenter size-full wp-image-199\" src=\"http:\/\/www.robertoguillen.com\/wp-content\/uploads\/2016\/08\/To-you-my-Dear-40x50-Web.jpg\" alt=\"To you my Dear 40x50 Web\" width=\"768\" height=\"1024\" srcset=\"http:\/\/www.robertoguillen.com\/wp-content\/uploads\/2016\/08\/To-you-my-Dear-40x50-Web.jpg 768w, http:\/\/www.robertoguillen.com\/wp-content\/uploads\/2016\/08\/To-you-my-Dear-40x50-Web-225x300.jpg 225w\" sizes=\"(max-width: 768px) 100vw, 768px\" \/><\/p>\n<p style=\"text-align: center;\"><strong>T\u00edtulo:<\/strong> To You My Dear.<br \/>\n<strong>Medidas:<\/strong> 50&#215;40.<br \/>\n<strong>T\u00e9cnica:<\/strong> Spray sobre Tela.<br \/>\n<strong>A\u00f1o:<\/strong> 2014.<\/p>\n<hr \/>\n<p><img loading=\"lazy\" class=\"aligncenter size-full wp-image-200\" src=\"http:\/\/www.robertoguillen.com\/wp-content\/uploads\/2016\/08\/Baby-Im-Fine-40x50-Web.jpg\" alt=\"Baby, Im Fine 40x50 Web\" width=\"768\" height=\"1024\" srcset=\"http:\/\/www.robertoguillen.com\/wp-content\/uploads\/2016\/08\/Baby-Im-Fine-40x50-Web.jpg 768w, http:\/\/www.robertoguillen.com\/wp-content\/uploads\/2016\/08\/Baby-Im-Fine-40x50-Web-225x300.jpg 225w\" sizes=\"(max-width: 768px) 100vw, 768px\" \/><\/p>\n<p style=\"text-align: center;\"><strong>T\u00edtulo:<\/strong> Baby, I&#8217;m Fine.<br \/>\n<strong>Medidas:<\/strong> 50&#215;40.<br \/>\n<strong>T\u00e9cnica:<\/strong> Spray sobre Tela.<br \/>\n<strong>A\u00f1o:<\/strong> 2014.<\/p>\n<hr \/>\n<p>&nbsp;<\/p>\n<p><img loading=\"lazy\" class=\"aligncenter size-full wp-image-201\" src=\"http:\/\/www.robertoguillen.com\/wp-content\/uploads\/2016\/08\/Im-on-fire-Honey-40x50.jpg\" alt=\"Im on fire, Honey 40x50\" width=\"768\" height=\"1024\" srcset=\"http:\/\/www.robertoguillen.com\/wp-content\/uploads\/2016\/08\/Im-on-fire-Honey-40x50.jpg 768w, http:\/\/www.robertoguillen.com\/wp-content\/uploads\/2016\/08\/Im-on-fire-Honey-40x50-225x300.jpg 225w\" sizes=\"(max-width: 768px) 100vw, 768px\" \/><\/p>\n<p style=\"text-align: center;\"><strong>T\u00edtulo:<\/strong> I&#8217;m on Fire Honey.<br \/>\n<strong>Medidas:<\/strong> 50&#215;40.<br \/>\n<strong>T\u00e9cnica:<\/strong> Spray sobre Tela.<br \/>\n<strong>A\u00f1o:<\/strong> 2014.<\/p>\n<hr \/>\n<p>&nbsp;<\/p>\n","protected":false},"excerpt":{"rendered":"<p>T\u00edtulo: Ascension. Medidas: 129&#215;96,5. T\u00e9cnica: Acr\u00edlico sobre Tela. A\u00f1o: 2014. T\u00edtulo: My Creepy, Creepy Heart. Medidas: 116&#215;89. T\u00e9cnica: Acr\u00edlico sobre Tela. A\u00f1o: 2014. T\u00edtulo: Destroy, My Love. Medidas: 100&#215;81. T\u00e9cnica: Acr\u00edlico sobre Tela. A\u00f1o: 2014. T\u00edtulo: The Path. Medidas: 100&#215;81. T\u00e9cnica: Acr\u00edlico y Spray sobre Tela. A\u00f1o: 2014. T\u00edtulo: To You My Dear. Medidas: 50&#215;40.&hellip; <a class=\"more-link\" href=\"http:\/\/www.robertoguillen.com\/?page_id=648\">Seguir leyendo <span class=\"screen-reader-text\">2014<\/span><\/a><\/p>\n","protected":false},"author":1,"featured_media":0,"parent":0,"menu_order":0,"comment_status":"closed","ping_status":"closed","template":"","meta":[],"_links":{"self":[{"href":"http:\/\/www.robertoguillen.com\/index.php?rest_route=\/wp\/v2\/pages\/648"}],"collection":[{"href":"http:\/\/www.robertoguillen.com\/index.php?rest_route=\/wp\/v2\/pages"}],"about":[{"href":"http:\/\/www.robertoguillen.com\/index.php?rest_route=\/wp\/v2\/types\/page"}],"author":[{"embeddable":true,"href":"http:\/\/www.robertoguillen.com\/index.php?rest_route=\/wp\/v2\/users\/1"}],"replies":[{"embeddable":true,"href":"http:\/\/www.robertoguillen.com\/index.php?rest_route=%2Fwp%2Fv2%2Fcomments&post=648"}],"version-history":[{"count":2,"href":"http:\/\/www.robertoguillen.com\/index.php?rest_route=\/wp\/v2\/pages\/648\/revisions"}],"predecessor-version":[{"id":662,"href":"http:\/\/www.robertoguillen.com\/index.php?rest_route=\/wp\/v2\/pages\/648\/revisions\/662"}],"wp:attachment":[{"href":"http:\/\/www.robertoguillen.com\/index.php?rest_route=%2Fwp%2Fv2%2Fmedia&parent=648"}],"curies":[{"name":"wp","href":"https:\/\/api.w.org\/{rel}","templated":true}]}}