{"id":625,"date":"2018-06-06T20:52:50","date_gmt":"2018-06-06T20:52:50","guid":{"rendered":"http:\/\/www.robertoguillen.com\/?page_id=625"},"modified":"2020-06-09T22:27:29","modified_gmt":"2020-06-09T22:27:29","slug":"2018-2019","status":"publish","type":"page","link":"http:\/\/www.robertoguillen.com\/?page_id=625","title":{"rendered":"2018"},"content":{"rendered":"<p>Otra b\u00fasqueda. Otro cambio. Pintura.<\/p>\n<p>Mi \u00faltimo andar con la pintura empez\u00f3 a finales del a\u00f1o 2017. Sufr\u00eda un bloqueo. El lienzo en blanco en la pared me asustaba. Pero en un momento dado, empec\u00e9 a pintar\/manchar sobre la tela rumbo fijo. Simplemente comenc\u00e9 a plasmar Conceptos, Palabras, Pensamientos, Frases, Ideas que se me pasaban por la cabeza en ese momento. El caso es que, viniendo de la cultura del street art y el arte contempor\u00e1neo, la idea se vertebr\u00f3 r\u00e1pidamente. Escribir\u00eda a modo de grafitti pero sobre la tela. Llevando mi habla a trav\u00e9s del lenguaje cellejero hacia el lienzo. Y a partir de ese momento, ya no he parado de realizar otro tipo de obra.<\/p>\n<hr \/>\n<p><img loading=\"lazy\" class=\"aligncenter size-full wp-image-628\" src=\"http:\/\/www.robertoguillen.com\/wp-content\/uploads\/2018\/06\/ViolentlyHappy.jpg\" alt=\"\" width=\"1800\" height=\"1200\" srcset=\"http:\/\/www.robertoguillen.com\/wp-content\/uploads\/2018\/06\/ViolentlyHappy.jpg 1800w, http:\/\/www.robertoguillen.com\/wp-content\/uploads\/2018\/06\/ViolentlyHappy-300x200.jpg 300w, http:\/\/www.robertoguillen.com\/wp-content\/uploads\/2018\/06\/ViolentlyHappy-768x512.jpg 768w, http:\/\/www.robertoguillen.com\/wp-content\/uploads\/2018\/06\/ViolentlyHappy-1024x683.jpg 1024w\" sizes=\"(max-width: 1800px) 100vw, 1800px\" \/><\/p>\n<p style=\"text-align: center;\"><strong>T\u00edtulo:<\/strong> Violently Happy.<br \/>\n<strong>Medidas:<\/strong> 140&#215;220.<br \/>\n<strong>T\u00e9cnica: <\/strong>Acr\u00edlico, Spray y Cray\u00f3n sobre tela.<br \/>\n<strong>A\u00f1o:<\/strong> 2018.<\/p>\n<hr \/>\n<p style=\"text-align: center;\"><img loading=\"lazy\" class=\"aligncenter size-full wp-image-641\" src=\"http:\/\/www.robertoguillen.com\/wp-content\/uploads\/2018\/07\/Empty-Space-110x90-Mix-on-Canvas-2018.jpg\" alt=\"\" width=\"1250\" height=\"1667\" srcset=\"http:\/\/www.robertoguillen.com\/wp-content\/uploads\/2018\/07\/Empty-Space-110x90-Mix-on-Canvas-2018.jpg 1250w, http:\/\/www.robertoguillen.com\/wp-content\/uploads\/2018\/07\/Empty-Space-110x90-Mix-on-Canvas-2018-225x300.jpg 225w, http:\/\/www.robertoguillen.com\/wp-content\/uploads\/2018\/07\/Empty-Space-110x90-Mix-on-Canvas-2018-768x1024.jpg 768w\" sizes=\"(max-width: 1250px) 100vw, 1250px\" \/><strong>T\u00edtulo:<\/strong> Empty Space.<br \/>\n<strong>Medidas:<\/strong> 110&#215;90.<br \/>\n<strong>T\u00e9cnica: <\/strong>Acr\u00edlico, Spray y Cray\u00f3n\u00a0 sobre tela.<br \/>\n<strong>A\u00f1o:<\/strong> 2018.<\/p>\n<hr \/>\n<p><img loading=\"lazy\" class=\"aligncenter size-full wp-image-640\" src=\"http:\/\/www.robertoguillen.com\/wp-content\/uploads\/2018\/07\/misputosdemonios-110x90-mixed-on-canvas-2018.jpg\" alt=\"\" width=\"1064\" height=\"1250\" srcset=\"http:\/\/www.robertoguillen.com\/wp-content\/uploads\/2018\/07\/misputosdemonios-110x90-mixed-on-canvas-2018.jpg 1064w, http:\/\/www.robertoguillen.com\/wp-content\/uploads\/2018\/07\/misputosdemonios-110x90-mixed-on-canvas-2018-255x300.jpg 255w, http:\/\/www.robertoguillen.com\/wp-content\/uploads\/2018\/07\/misputosdemonios-110x90-mixed-on-canvas-2018-768x902.jpg 768w, http:\/\/www.robertoguillen.com\/wp-content\/uploads\/2018\/07\/misputosdemonios-110x90-mixed-on-canvas-2018-872x1024.jpg 872w\" sizes=\"(max-width: 1064px) 100vw, 1064px\" \/><\/p>\n<p style=\"text-align: center;\"><strong>T\u00edtulo:<\/strong> #MISPUTOSDEMONIOS.<br \/>\n<strong>Medidas:<\/strong> 110&#215;90.<br \/>\n<strong>T\u00e9cnica: <\/strong>Acr\u00edlico, Spray y Cray\u00f3n\u00a0 sobre tela.<br \/>\n<strong>A\u00f1o:<\/strong> 2018.<\/p>\n<hr \/>\n<p><img loading=\"lazy\" class=\"aligncenter size-full wp-image-644\" src=\"http:\/\/www.robertoguillen.com\/wp-content\/uploads\/2018\/07\/Tras-el-curro-la-libertad-170x140-Spray-and-crayon-on-canvas-2018.jpg\" alt=\"\" width=\"978\" height=\"830\" srcset=\"http:\/\/www.robertoguillen.com\/wp-content\/uploads\/2018\/07\/Tras-el-curro-la-libertad-170x140-Spray-and-crayon-on-canvas-2018.jpg 978w, http:\/\/www.robertoguillen.com\/wp-content\/uploads\/2018\/07\/Tras-el-curro-la-libertad-170x140-Spray-and-crayon-on-canvas-2018-300x255.jpg 300w, http:\/\/www.robertoguillen.com\/wp-content\/uploads\/2018\/07\/Tras-el-curro-la-libertad-170x140-Spray-and-crayon-on-canvas-2018-768x652.jpg 768w\" sizes=\"(max-width: 978px) 100vw, 978px\" \/><\/p>\n<p style=\"text-align: center;\"><strong>T\u00edtulo:<\/strong> Tras el curro, La libertad.<br \/>\n<strong>Medidas:<\/strong> 170&#215;140.<br \/>\n<strong>T\u00e9cnica: <\/strong>Spray y Cray\u00f3n\u00a0 sobre tela.<br \/>\n<strong>A\u00f1o:<\/strong> 2018.<\/p>\n<hr \/>\n<p><img loading=\"lazy\" class=\"aligncenter size-full wp-image-682\" src=\"http:\/\/www.robertoguillen.com\/wp-content\/uploads\/2018\/09\/Oceano-Diptic-100x60-Acrilico-y-Lapiz-sobre-Tela-2018.jpg\" alt=\"\" width=\"1250\" height=\"938\" srcset=\"http:\/\/www.robertoguillen.com\/wp-content\/uploads\/2018\/09\/Oceano-Diptic-100x60-Acrilico-y-Lapiz-sobre-Tela-2018.jpg 1250w, http:\/\/www.robertoguillen.com\/wp-content\/uploads\/2018\/09\/Oceano-Diptic-100x60-Acrilico-y-Lapiz-sobre-Tela-2018-300x225.jpg 300w, http:\/\/www.robertoguillen.com\/wp-content\/uploads\/2018\/09\/Oceano-Diptic-100x60-Acrilico-y-Lapiz-sobre-Tela-2018-768x576.jpg 768w, http:\/\/www.robertoguillen.com\/wp-content\/uploads\/2018\/09\/Oceano-Diptic-100x60-Acrilico-y-Lapiz-sobre-Tela-2018-1024x768.jpg 1024w\" sizes=\"(max-width: 1250px) 100vw, 1250px\" \/><\/p>\n<p style=\"text-align: center;\"><strong>T\u00edtulo:<\/strong> Oc\u00e9ano (Diptic).<br \/>\n<strong>Medidas:<\/strong> 90&#215;60.<br \/>\n<strong>T\u00e9cnica: <\/strong>Acr\u00edlico y L\u00e1piz\u00a0 sobre tela.<br \/>\n<strong>A\u00f1o:<\/strong> 2018.<\/p>\n<hr \/>\n<p><img loading=\"lazy\" class=\"aligncenter size-full wp-image-645\" src=\"http:\/\/www.robertoguillen.com\/wp-content\/uploads\/2018\/07\/Weneedmore-Triptico-90x40-Acrylic-Spray-and-Ink-on-canvas-2018.jpg\" alt=\"\" width=\"1250\" height=\"830\" srcset=\"http:\/\/www.robertoguillen.com\/wp-content\/uploads\/2018\/07\/Weneedmore-Triptico-90x40-Acrylic-Spray-and-Ink-on-canvas-2018.jpg 1250w, http:\/\/www.robertoguillen.com\/wp-content\/uploads\/2018\/07\/Weneedmore-Triptico-90x40-Acrylic-Spray-and-Ink-on-canvas-2018-300x199.jpg 300w, http:\/\/www.robertoguillen.com\/wp-content\/uploads\/2018\/07\/Weneedmore-Triptico-90x40-Acrylic-Spray-and-Ink-on-canvas-2018-768x510.jpg 768w, http:\/\/www.robertoguillen.com\/wp-content\/uploads\/2018\/07\/Weneedmore-Triptico-90x40-Acrylic-Spray-and-Ink-on-canvas-2018-1024x680.jpg 1024w\" sizes=\"(max-width: 1250px) 100vw, 1250px\" \/><\/p>\n<p style=\"text-align: center;\"><strong>T\u00edtulo:<\/strong> We Need More (Tr\u00edptico).<br \/>\n<strong>Medidas:<\/strong> 90&#215;40.<br \/>\n<strong>T\u00e9cnica: <\/strong>Acr\u00edlico, Spray y Tinta\u00a0 sobre tela.<br \/>\n<strong>A\u00f1o:<\/strong> 2018.<\/p>\n<hr \/>\n<p style=\"text-align: center;\"><img loading=\"lazy\" class=\"aligncenter size-full wp-image-642\" src=\"http:\/\/www.robertoguillen.com\/wp-content\/uploads\/2018\/07\/LBR-50x40-spray-and-acrylic-on-canvas-2018.jpg\" alt=\"\" width=\"704\" height=\"830\" srcset=\"http:\/\/www.robertoguillen.com\/wp-content\/uploads\/2018\/07\/LBR-50x40-spray-and-acrylic-on-canvas-2018.jpg 704w, http:\/\/www.robertoguillen.com\/wp-content\/uploads\/2018\/07\/LBR-50x40-spray-and-acrylic-on-canvas-2018-254x300.jpg 254w\" sizes=\"(max-width: 704px) 100vw, 704px\" \/><strong>T\u00edtulo:<\/strong> LBR.<br \/>\n<strong>Medidas:<\/strong> 50&#215;40.<br \/>\n<strong>T\u00e9cnica: <\/strong>Acr\u00edlico y Spray\u00a0 sobre tela.<br \/>\n<strong>A\u00f1o:<\/strong> 2018.<\/p>\n<hr \/>\n<p style=\"text-align: center;\"><img loading=\"lazy\" class=\"aligncenter size-full wp-image-643\" src=\"http:\/\/www.robertoguillen.com\/wp-content\/uploads\/2018\/07\/My-God-50x70-spray-and-acrylic-on-canvas-2018.jpg\" alt=\"\" width=\"708\" height=\"830\" srcset=\"http:\/\/www.robertoguillen.com\/wp-content\/uploads\/2018\/07\/My-God-50x70-spray-and-acrylic-on-canvas-2018.jpg 708w, http:\/\/www.robertoguillen.com\/wp-content\/uploads\/2018\/07\/My-God-50x70-spray-and-acrylic-on-canvas-2018-256x300.jpg 256w\" sizes=\"(max-width: 708px) 100vw, 708px\" \/><strong>T\u00edtulo:<\/strong> My God.<br \/>\n<strong>Medidas:<\/strong> 50&#215;70.<br \/>\n<strong>T\u00e9cnica: <\/strong>Acr\u00edlico y Spray\u00a0 sobre madera.<br \/>\n<strong>A\u00f1o:<\/strong> 2018.<\/p>\n<hr \/>\n","protected":false},"excerpt":{"rendered":"<p>Otra b\u00fasqueda. Otro cambio. Pintura. Mi \u00faltimo andar con la pintura empez\u00f3 a finales del a\u00f1o 2017. Sufr\u00eda un bloqueo. El lienzo en blanco en la pared me asustaba. Pero en un momento dado, empec\u00e9 a pintar\/manchar sobre la tela rumbo fijo. Simplemente comenc\u00e9 a plasmar Conceptos, Palabras, Pensamientos, Frases, Ideas que se me pasaban&hellip; <a class=\"more-link\" href=\"http:\/\/www.robertoguillen.com\/?page_id=625\">Seguir leyendo <span class=\"screen-reader-text\">2018<\/span><\/a><\/p>\n","protected":false},"author":1,"featured_media":0,"parent":0,"menu_order":0,"comment_status":"closed","ping_status":"closed","template":"","meta":[],"_links":{"self":[{"href":"http:\/\/www.robertoguillen.com\/index.php?rest_route=\/wp\/v2\/pages\/625"}],"collection":[{"href":"http:\/\/www.robertoguillen.com\/index.php?rest_route=\/wp\/v2\/pages"}],"about":[{"href":"http:\/\/www.robertoguillen.com\/index.php?rest_route=\/wp\/v2\/types\/page"}],"author":[{"embeddable":true,"href":"http:\/\/www.robertoguillen.com\/index.php?rest_route=\/wp\/v2\/users\/1"}],"replies":[{"embeddable":true,"href":"http:\/\/www.robertoguillen.com\/index.php?rest_route=%2Fwp%2Fv2%2Fcomments&post=625"}],"version-history":[{"count":14,"href":"http:\/\/www.robertoguillen.com\/index.php?rest_route=\/wp\/v2\/pages\/625\/revisions"}],"predecessor-version":[{"id":850,"href":"http:\/\/www.robertoguillen.com\/index.php?rest_route=\/wp\/v2\/pages\/625\/revisions\/850"}],"wp:attachment":[{"href":"http:\/\/www.robertoguillen.com\/index.php?rest_route=%2Fwp%2Fv2%2Fmedia&parent=625"}],"curies":[{"name":"wp","href":"https:\/\/api.w.org\/{rel}","templated":true}]}}