{"id":572,"date":"2018-01-31T18:23:00","date_gmt":"2018-01-31T18:23:00","guid":{"rendered":"http:\/\/www.robertoguillen.com\/?page_id=572"},"modified":"2018-01-31T18:23:00","modified_gmt":"2018-01-31T18:23:00","slug":"100-iteraciones-sobre-jim-morrison","status":"publish","type":"page","link":"http:\/\/www.robertoguillen.com\/?page_id=572","title":{"rendered":"100 Iteraciones sobre Jim Morrison"},"content":{"rendered":"<p><iframe src=\"https:\/\/player.vimeo.com\/video\/253471506\" width=\"640\" height=\"360\" frameborder=\"0\" webkitallowfullscreen mozallowfullscreen allowfullscreen><\/iframe><br \/>\nIteraci\u00f3n de cien im\u00e1genes glicheadas sobre un retrato del m\u00fasico Jim Morrison.<br \/>\nIteration of a hundred glitched images from a portrait of the musician Jim Morrison.<\/p>\n<p><a href=\"https:\/\/vimeo.com\/253471506\">JIM_MORRISON_AVHCD_1080p_20seg<\/a> from <a href=\"https:\/\/vimeo.com\/user19453009\">Roberto Guillen<\/a> on <a href=\"https:\/\/vimeo.com\">Vimeo<\/a>.<\/p>\n","protected":false},"excerpt":{"rendered":"<p>Iteraci\u00f3n de cien im\u00e1genes glicheadas sobre un retrato del m\u00fasico Jim Morrison. Iteration of a hundred glitched images from a portrait of the musician Jim Morrison. JIM_MORRISON_AVHCD_1080p_20seg from Roberto Guillen on Vimeo.<\/p>\n","protected":false},"author":1,"featured_media":0,"parent":0,"menu_order":0,"comment_status":"closed","ping_status":"closed","template":"","meta":[],"_links":{"self":[{"href":"http:\/\/www.robertoguillen.com\/index.php?rest_route=\/wp\/v2\/pages\/572"}],"collection":[{"href":"http:\/\/www.robertoguillen.com\/index.php?rest_route=\/wp\/v2\/pages"}],"about":[{"href":"http:\/\/www.robertoguillen.com\/index.php?rest_route=\/wp\/v2\/types\/page"}],"author":[{"embeddable":true,"href":"http:\/\/www.robertoguillen.com\/index.php?rest_route=\/wp\/v2\/users\/1"}],"replies":[{"embeddable":true,"href":"http:\/\/www.robertoguillen.com\/index.php?rest_route=%2Fwp%2Fv2%2Fcomments&post=572"}],"version-history":[{"count":1,"href":"http:\/\/www.robertoguillen.com\/index.php?rest_route=\/wp\/v2\/pages\/572\/revisions"}],"predecessor-version":[{"id":573,"href":"http:\/\/www.robertoguillen.com\/index.php?rest_route=\/wp\/v2\/pages\/572\/revisions\/573"}],"wp:attachment":[{"href":"http:\/\/www.robertoguillen.com\/index.php?rest_route=%2Fwp%2Fv2%2Fmedia&parent=572"}],"curies":[{"name":"wp","href":"https:\/\/api.w.org\/{rel}","templated":true}]}}