{"id":562,"date":"2018-01-30T17:22:54","date_gmt":"2018-01-30T17:22:54","guid":{"rendered":"http:\/\/www.robertoguillen.com\/?page_id=562"},"modified":"2018-01-30T17:22:54","modified_gmt":"2018-01-30T17:22:54","slug":"proyecto-100-iteraciones-sobre","status":"publish","type":"page","link":"http:\/\/www.robertoguillen.com\/?page_id=562","title":{"rendered":"(PROYECTO) 100 Iteraciones sobre&#8230;"},"content":{"rendered":"<p>En el proyecto de \u00ab<b><i>100 Iteraciones sobre<\/i><\/b>\u00ab, lo que me dedico a hacer es a apropiarme de una imagen\/retrato p\u00fablico a trav\u00e9s de Internet de un personaje que podr\u00eda ser entendido (<i>por lo menos para mi<\/i>) como Icono Cultural. Genero despu\u00e9s cien im\u00e1genes mediante el proceso del glitch. Desvirtuando as\u00ed la personalidad de la imagen primigenia y mont\u00e1ndola despu\u00e9s para crear un retrato virtual desfigurado.<\/p>\n","protected":false},"excerpt":{"rendered":"<p>En el proyecto de \u00ab100 Iteraciones sobre\u00ab, lo que me dedico a hacer es a apropiarme de una imagen\/retrato p\u00fablico a trav\u00e9s de Internet de un personaje que podr\u00eda ser entendido (por lo menos para mi) como Icono Cultural. Genero despu\u00e9s cien im\u00e1genes mediante el proceso del glitch. Desvirtuando as\u00ed la personalidad de la imagen&hellip; <a class=\"more-link\" href=\"http:\/\/www.robertoguillen.com\/?page_id=562\">Seguir leyendo <span class=\"screen-reader-text\">(PROYECTO) 100 Iteraciones sobre&#8230;<\/span><\/a><\/p>\n","protected":false},"author":1,"featured_media":0,"parent":0,"menu_order":0,"comment_status":"closed","ping_status":"closed","template":"","meta":[],"_links":{"self":[{"href":"http:\/\/www.robertoguillen.com\/index.php?rest_route=\/wp\/v2\/pages\/562"}],"collection":[{"href":"http:\/\/www.robertoguillen.com\/index.php?rest_route=\/wp\/v2\/pages"}],"about":[{"href":"http:\/\/www.robertoguillen.com\/index.php?rest_route=\/wp\/v2\/types\/page"}],"author":[{"embeddable":true,"href":"http:\/\/www.robertoguillen.com\/index.php?rest_route=\/wp\/v2\/users\/1"}],"replies":[{"embeddable":true,"href":"http:\/\/www.robertoguillen.com\/index.php?rest_route=%2Fwp%2Fv2%2Fcomments&post=562"}],"version-history":[{"count":1,"href":"http:\/\/www.robertoguillen.com\/index.php?rest_route=\/wp\/v2\/pages\/562\/revisions"}],"predecessor-version":[{"id":563,"href":"http:\/\/www.robertoguillen.com\/index.php?rest_route=\/wp\/v2\/pages\/562\/revisions\/563"}],"wp:attachment":[{"href":"http:\/\/www.robertoguillen.com\/index.php?rest_route=%2Fwp%2Fv2%2Fmedia&parent=562"}],"curies":[{"name":"wp","href":"https:\/\/api.w.org\/{rel}","templated":true}]}}