{"id":471,"date":"2017-12-18T18:45:22","date_gmt":"2017-12-18T18:45:22","guid":{"rendered":"http:\/\/www.robertoguillen.com\/?page_id=471"},"modified":"2017-12-26T13:29:06","modified_gmt":"2017-12-26T13:29:06","slug":"spam","status":"publish","type":"page","link":"http:\/\/www.robertoguillen.com\/?page_id=471","title":{"rendered":"SPAM"},"content":{"rendered":"<p>Desde el a\u00f1o 2017 (y a partir de ese en los siguientes), desarollo un proyecto en el que me dedico a recopilar (<em><strong>constancia y registro<\/strong><\/em>) todos los correos basura que recibo en la <em>bandeja de spam<\/em> de mi cuenta de correo personal. La intenci\u00f3n de esta recopilaci\u00f3n es el inter\u00e9s que tengo hacia toda esa informaci\u00f3n \u00abbasura\u00bb y su flujo digital. Convirtiendonos en objeto de una sobre-informaci\u00f3n innecesaria\u00a0(a mi parecer) por cualquier v\u00eda de las que disponemos. Televisi\u00f3n. Prensa. Internet. Mails&#8230; Todo basura.<br \/>\nAdem\u00e1s al tratarse de un proyecto anual, me interesa lo caduco de esta informaci\u00f3n digital. Como se podr\u00e1 observar, muchos de los enlaces ya no sirven. Debido a la caducidad de los links, ya que, al tratarse de spam se trata de dominios que en el mejor de los casos enlazan a cientos de p\u00e1ginas muy diversas o que, en el peor, enlazan a contenido que haya podido ser penalizado.<\/p>\n","protected":false},"excerpt":{"rendered":"<p>Desde el a\u00f1o 2017 (y a partir de ese en los siguientes), desarollo un proyecto en el que me dedico a recopilar (constancia y registro) todos los correos basura que recibo en la bandeja de spam de mi cuenta de correo personal. La intenci\u00f3n de esta recopilaci\u00f3n es el inter\u00e9s que tengo hacia toda esa&hellip; <a class=\"more-link\" href=\"http:\/\/www.robertoguillen.com\/?page_id=471\">Seguir leyendo <span class=\"screen-reader-text\">SPAM<\/span><\/a><\/p>\n","protected":false},"author":1,"featured_media":0,"parent":0,"menu_order":0,"comment_status":"closed","ping_status":"closed","template":"","meta":[],"_links":{"self":[{"href":"http:\/\/www.robertoguillen.com\/index.php?rest_route=\/wp\/v2\/pages\/471"}],"collection":[{"href":"http:\/\/www.robertoguillen.com\/index.php?rest_route=\/wp\/v2\/pages"}],"about":[{"href":"http:\/\/www.robertoguillen.com\/index.php?rest_route=\/wp\/v2\/types\/page"}],"author":[{"embeddable":true,"href":"http:\/\/www.robertoguillen.com\/index.php?rest_route=\/wp\/v2\/users\/1"}],"replies":[{"embeddable":true,"href":"http:\/\/www.robertoguillen.com\/index.php?rest_route=%2Fwp%2Fv2%2Fcomments&post=471"}],"version-history":[{"count":4,"href":"http:\/\/www.robertoguillen.com\/index.php?rest_route=\/wp\/v2\/pages\/471\/revisions"}],"predecessor-version":[{"id":524,"href":"http:\/\/www.robertoguillen.com\/index.php?rest_route=\/wp\/v2\/pages\/471\/revisions\/524"}],"wp:attachment":[{"href":"http:\/\/www.robertoguillen.com\/index.php?rest_route=%2Fwp%2Fv2%2Fmedia&parent=471"}],"curies":[{"name":"wp","href":"https:\/\/api.w.org\/{rel}","templated":true}]}}