{"id":465,"date":"2017-12-18T18:43:01","date_gmt":"2017-12-18T18:43:01","guid":{"rendered":"http:\/\/www.robertoguillen.com\/?page_id=465"},"modified":"2017-12-18T22:16:00","modified_gmt":"2017-12-18T22:16:00","slug":"geometrias-aleatorias-2","status":"publish","type":"page","link":"http:\/\/www.robertoguillen.com\/?page_id=465","title":{"rendered":"Geometr\u00edas Aleatorias"},"content":{"rendered":"<p>En las Series correspondientes al proyecto de <b>GEOMETR\u00cdAS ALEATORIAS<\/b>, lo que realizo es el registro y apunte, durante un a\u00f1o, de las diferentes combinaciones aleatorias (<i>azar<\/i>) del sorteo del Euromillon. Llevadas despu\u00e9s a dos l\u00e1minas (<i>una para n\u00fameros y otra para estrellas<\/i>) en una escala mayor. Obteniendo de cada combinaci\u00f3n una forma geom\u00e9trica (<i>cerrada<\/i>) y apil\u00e1ndolas (<i>repetici\u00f3n<\/i>) una sobre otra hasta completas todas las combinaciones del a\u00f1o.<\/p>\n","protected":false},"excerpt":{"rendered":"<p>En las Series correspondientes al proyecto de GEOMETR\u00cdAS ALEATORIAS, lo que realizo es el registro y apunte, durante un a\u00f1o, de las diferentes combinaciones aleatorias (azar) del sorteo del Euromillon. Llevadas despu\u00e9s a dos l\u00e1minas (una para n\u00fameros y otra para estrellas) en una escala mayor. Obteniendo de cada combinaci\u00f3n una forma geom\u00e9trica (cerrada) y&hellip; <a class=\"more-link\" href=\"http:\/\/www.robertoguillen.com\/?page_id=465\">Seguir leyendo <span class=\"screen-reader-text\">Geometr\u00edas Aleatorias<\/span><\/a><\/p>\n","protected":false},"author":1,"featured_media":0,"parent":0,"menu_order":0,"comment_status":"closed","ping_status":"closed","template":"","meta":[],"_links":{"self":[{"href":"http:\/\/www.robertoguillen.com\/index.php?rest_route=\/wp\/v2\/pages\/465"}],"collection":[{"href":"http:\/\/www.robertoguillen.com\/index.php?rest_route=\/wp\/v2\/pages"}],"about":[{"href":"http:\/\/www.robertoguillen.com\/index.php?rest_route=\/wp\/v2\/types\/page"}],"author":[{"embeddable":true,"href":"http:\/\/www.robertoguillen.com\/index.php?rest_route=\/wp\/v2\/users\/1"}],"replies":[{"embeddable":true,"href":"http:\/\/www.robertoguillen.com\/index.php?rest_route=%2Fwp%2Fv2%2Fcomments&post=465"}],"version-history":[{"count":4,"href":"http:\/\/www.robertoguillen.com\/index.php?rest_route=\/wp\/v2\/pages\/465\/revisions"}],"predecessor-version":[{"id":510,"href":"http:\/\/www.robertoguillen.com\/index.php?rest_route=\/wp\/v2\/pages\/465\/revisions\/510"}],"wp:attachment":[{"href":"http:\/\/www.robertoguillen.com\/index.php?rest_route=%2Fwp%2Fv2%2Fmedia&parent=465"}],"curies":[{"name":"wp","href":"https:\/\/api.w.org\/{rel}","templated":true}]}}