{"id":452,"date":"2017-12-18T18:38:42","date_gmt":"2017-12-18T18:38:42","guid":{"rendered":"http:\/\/www.robertoguillen.com\/?page_id=452"},"modified":"2017-12-26T13:14:27","modified_gmt":"2017-12-26T13:14:27","slug":"procesos","status":"publish","type":"page","link":"http:\/\/www.robertoguillen.com\/?page_id=452","title":{"rendered":"PROYECTOS"},"content":{"rendered":"<p>Una de las l\u00edneas de investigaci\u00f3n que desarrollo es la de <strong>la Repetici\u00f3n<\/strong>. Repetici\u00f3n y Serialidad como forma de liberaci\u00f3n art\u00edstica, como sistema. Uni\u00e9ndose con la idea de <em>Registro y Tiempo<\/em>. Desde un punto de vista rutinario, repito la misma acci\u00f3n registrando tanto el n\u00famero de repeticiones (<em>cuantificaci\u00f3n<\/em>) como la duraci\u00f3n de las mismas ese d\u00eda (<em>medida de tiempo<\/em>). Elementos gr\u00e1ficos como signos o s\u00edmbolos, letras sueltas realizadas mediante plantillas, frases completas escritas directamente a mano, acumulaciones de elementos comunes o incluso proyectos a lo largo del tiempo en los que durante un a\u00f1o recopilo elementos.\u00a0Siempre buscando en la repetici\u00f3n una necesidad de coherencia.<\/p>\n<p>En esta categor\u00eda, aparecen estos trabajos englobados en series \u00fanicas y procesuales.<\/p>\n","protected":false},"excerpt":{"rendered":"<p>Una de las l\u00edneas de investigaci\u00f3n que desarrollo es la de la Repetici\u00f3n. Repetici\u00f3n y Serialidad como forma de liberaci\u00f3n art\u00edstica, como sistema. Uni\u00e9ndose con la idea de Registro y Tiempo. Desde un punto de vista rutinario, repito la misma acci\u00f3n registrando tanto el n\u00famero de repeticiones (cuantificaci\u00f3n) como la duraci\u00f3n de las mismas ese&hellip; <a class=\"more-link\" href=\"http:\/\/www.robertoguillen.com\/?page_id=452\">Seguir leyendo <span class=\"screen-reader-text\">PROYECTOS<\/span><\/a><\/p>\n","protected":false},"author":1,"featured_media":0,"parent":0,"menu_order":0,"comment_status":"closed","ping_status":"closed","template":"","meta":[],"_links":{"self":[{"href":"http:\/\/www.robertoguillen.com\/index.php?rest_route=\/wp\/v2\/pages\/452"}],"collection":[{"href":"http:\/\/www.robertoguillen.com\/index.php?rest_route=\/wp\/v2\/pages"}],"about":[{"href":"http:\/\/www.robertoguillen.com\/index.php?rest_route=\/wp\/v2\/types\/page"}],"author":[{"embeddable":true,"href":"http:\/\/www.robertoguillen.com\/index.php?rest_route=\/wp\/v2\/users\/1"}],"replies":[{"embeddable":true,"href":"http:\/\/www.robertoguillen.com\/index.php?rest_route=%2Fwp%2Fv2%2Fcomments&post=452"}],"version-history":[{"count":6,"href":"http:\/\/www.robertoguillen.com\/index.php?rest_route=\/wp\/v2\/pages\/452\/revisions"}],"predecessor-version":[{"id":519,"href":"http:\/\/www.robertoguillen.com\/index.php?rest_route=\/wp\/v2\/pages\/452\/revisions\/519"}],"wp:attachment":[{"href":"http:\/\/www.robertoguillen.com\/index.php?rest_route=%2Fwp%2Fv2%2Fmedia&parent=452"}],"curies":[{"name":"wp","href":"https:\/\/api.w.org\/{rel}","templated":true}]}}