{"id":420,"date":"2017-12-11T20:53:30","date_gmt":"2017-12-11T20:53:30","guid":{"rendered":"http:\/\/www.robertoguillen.com\/?page_id=420"},"modified":"2017-12-18T21:42:46","modified_gmt":"2017-12-18T21:42:46","slug":"serie-procesual","status":"publish","type":"page","link":"http:\/\/www.robertoguillen.com\/?page_id=420","title":{"rendered":"SERIE PROCESUAL"},"content":{"rendered":"<p><strong>T\u00edtulo:<\/strong> Serie Procesual.<br \/>\n<strong>Medidas:<\/strong> 100&#215;70 cada. Serie de 7.<br \/>\n<strong>T\u00e9cnica:<\/strong> Tamp\u00f3n de tinta sobre papel.<br \/>\n<strong>A\u00f1o:<\/strong> 2017.<\/p>\n<p>Proceso de repetici\u00f3n de un mismo gesto sobre papel.<br \/>\nDurante una semana literal (siete d\u00edas) se ha procedido a realizar, de forma exponencial (el primer d\u00eda durante una hora hasta el s\u00e9ptimo d\u00eda durante siete horas), la repetici\u00f3n de un mismo gesto con un Sello Autotintable de marca Trodat.<\/p>\n<hr \/>\n<p><img loading=\"lazy\" class=\"aligncenter size-full wp-image-498\" src=\"http:\/\/www.robertoguillen.com\/wp-content\/uploads\/2017\/12\/Serie-Procesual-2017.jpg\" alt=\"\" width=\"1250\" height=\"306\" srcset=\"http:\/\/www.robertoguillen.com\/wp-content\/uploads\/2017\/12\/Serie-Procesual-2017.jpg 1250w, http:\/\/www.robertoguillen.com\/wp-content\/uploads\/2017\/12\/Serie-Procesual-2017-300x73.jpg 300w, http:\/\/www.robertoguillen.com\/wp-content\/uploads\/2017\/12\/Serie-Procesual-2017-768x188.jpg 768w, http:\/\/www.robertoguillen.com\/wp-content\/uploads\/2017\/12\/Serie-Procesual-2017-1024x251.jpg 1024w\" sizes=\"(max-width: 1250px) 100vw, 1250px\" \/><\/p>\n<hr \/>\n<p><img loading=\"lazy\" class=\"aligncenter size-full wp-image-421\" src=\"http:\/\/www.robertoguillen.com\/wp-content\/uploads\/2017\/12\/Procesual1-011217-1793reps-100x70-2017.jpg\" alt=\"\" width=\"1024\" height=\"1299\" srcset=\"http:\/\/www.robertoguillen.com\/wp-content\/uploads\/2017\/12\/Procesual1-011217-1793reps-100x70-2017.jpg 1024w, http:\/\/www.robertoguillen.com\/wp-content\/uploads\/2017\/12\/Procesual1-011217-1793reps-100x70-2017-236x300.jpg 236w, http:\/\/www.robertoguillen.com\/wp-content\/uploads\/2017\/12\/Procesual1-011217-1793reps-100x70-2017-768x974.jpg 768w, http:\/\/www.robertoguillen.com\/wp-content\/uploads\/2017\/12\/Procesual1-011217-1793reps-100x70-2017-807x1024.jpg 807w\" sizes=\"(max-width: 1024px) 100vw, 1024px\" \/><\/p>\n<p style=\"text-align: center;\">.Procesual#1 011217 1793 repeticiones.<\/p>\n<p><img loading=\"lazy\" class=\"aligncenter size-full wp-image-431\" src=\"http:\/\/www.robertoguillen.com\/wp-content\/uploads\/2017\/12\/Procesual1detalle.jpg\" alt=\"\" width=\"1024\" height=\"1024\" srcset=\"http:\/\/www.robertoguillen.com\/wp-content\/uploads\/2017\/12\/Procesual1detalle.jpg 1024w, http:\/\/www.robertoguillen.com\/wp-content\/uploads\/2017\/12\/Procesual1detalle-150x150.jpg 150w, http:\/\/www.robertoguillen.com\/wp-content\/uploads\/2017\/12\/Procesual1detalle-300x300.jpg 300w, http:\/\/www.robertoguillen.com\/wp-content\/uploads\/2017\/12\/Procesual1detalle-768x768.jpg 768w\" sizes=\"(max-width: 1024px) 100vw, 1024px\" \/><\/p>\n<hr \/>\n<p><img loading=\"lazy\" class=\"aligncenter size-full wp-image-422\" src=\"http:\/\/www.robertoguillen.com\/wp-content\/uploads\/2017\/12\/Procesual2-021217-4101reps-100x70-2017.jpg\" alt=\"\" width=\"1024\" height=\"1299\" srcset=\"http:\/\/www.robertoguillen.com\/wp-content\/uploads\/2017\/12\/Procesual2-021217-4101reps-100x70-2017.jpg 1024w, http:\/\/www.robertoguillen.com\/wp-content\/uploads\/2017\/12\/Procesual2-021217-4101reps-100x70-2017-236x300.jpg 236w, http:\/\/www.robertoguillen.com\/wp-content\/uploads\/2017\/12\/Procesual2-021217-4101reps-100x70-2017-768x974.jpg 768w, http:\/\/www.robertoguillen.com\/wp-content\/uploads\/2017\/12\/Procesual2-021217-4101reps-100x70-2017-807x1024.jpg 807w\" sizes=\"(max-width: 1024px) 100vw, 1024px\" \/><\/p>\n<p style=\"text-align: center;\">.Procesual#2 021217 4101 Repeticiones.<\/p>\n<p><img loading=\"lazy\" class=\"aligncenter size-full wp-image-433\" src=\"http:\/\/www.robertoguillen.com\/wp-content\/uploads\/2017\/12\/Procesual2-detalle.jpg\" alt=\"\" width=\"1023\" height=\"1023\" srcset=\"http:\/\/www.robertoguillen.com\/wp-content\/uploads\/2017\/12\/Procesual2-detalle.jpg 1023w, http:\/\/www.robertoguillen.com\/wp-content\/uploads\/2017\/12\/Procesual2-detalle-150x150.jpg 150w, http:\/\/www.robertoguillen.com\/wp-content\/uploads\/2017\/12\/Procesual2-detalle-300x300.jpg 300w, http:\/\/www.robertoguillen.com\/wp-content\/uploads\/2017\/12\/Procesual2-detalle-768x768.jpg 768w\" sizes=\"(max-width: 1023px) 100vw, 1023px\" \/><\/p>\n<hr \/>\n<p><img loading=\"lazy\" class=\"aligncenter size-full wp-image-423\" src=\"http:\/\/www.robertoguillen.com\/wp-content\/uploads\/2017\/12\/Procesual3-031217-6472reps-100x70-2017.jpg\" alt=\"\" width=\"1024\" height=\"1299\" srcset=\"http:\/\/www.robertoguillen.com\/wp-content\/uploads\/2017\/12\/Procesual3-031217-6472reps-100x70-2017.jpg 1024w, http:\/\/www.robertoguillen.com\/wp-content\/uploads\/2017\/12\/Procesual3-031217-6472reps-100x70-2017-236x300.jpg 236w, http:\/\/www.robertoguillen.com\/wp-content\/uploads\/2017\/12\/Procesual3-031217-6472reps-100x70-2017-768x974.jpg 768w, http:\/\/www.robertoguillen.com\/wp-content\/uploads\/2017\/12\/Procesual3-031217-6472reps-100x70-2017-807x1024.jpg 807w\" sizes=\"(max-width: 1024px) 100vw, 1024px\" \/><\/p>\n<p style=\"text-align: center;\">.Procesual#3 031217 6472 Repeticiones.<\/p>\n<p><img loading=\"lazy\" class=\"aligncenter size-full wp-image-434\" src=\"http:\/\/www.robertoguillen.com\/wp-content\/uploads\/2017\/12\/Procesual3-detalle.jpg\" alt=\"\" width=\"1024\" height=\"1024\" srcset=\"http:\/\/www.robertoguillen.com\/wp-content\/uploads\/2017\/12\/Procesual3-detalle.jpg 1024w, http:\/\/www.robertoguillen.com\/wp-content\/uploads\/2017\/12\/Procesual3-detalle-150x150.jpg 150w, http:\/\/www.robertoguillen.com\/wp-content\/uploads\/2017\/12\/Procesual3-detalle-300x300.jpg 300w, http:\/\/www.robertoguillen.com\/wp-content\/uploads\/2017\/12\/Procesual3-detalle-768x768.jpg 768w\" sizes=\"(max-width: 1024px) 100vw, 1024px\" \/><\/p>\n<hr \/>\n<p><img loading=\"lazy\" class=\"aligncenter size-full wp-image-424\" src=\"http:\/\/www.robertoguillen.com\/wp-content\/uploads\/2017\/12\/Procesual4-041217-11274reps-100x70-2017.jpg\" alt=\"\" width=\"1024\" height=\"1299\" srcset=\"http:\/\/www.robertoguillen.com\/wp-content\/uploads\/2017\/12\/Procesual4-041217-11274reps-100x70-2017.jpg 1024w, http:\/\/www.robertoguillen.com\/wp-content\/uploads\/2017\/12\/Procesual4-041217-11274reps-100x70-2017-236x300.jpg 236w, http:\/\/www.robertoguillen.com\/wp-content\/uploads\/2017\/12\/Procesual4-041217-11274reps-100x70-2017-768x974.jpg 768w, http:\/\/www.robertoguillen.com\/wp-content\/uploads\/2017\/12\/Procesual4-041217-11274reps-100x70-2017-807x1024.jpg 807w\" sizes=\"(max-width: 1024px) 100vw, 1024px\" \/><\/p>\n<p style=\"text-align: center;\">.Procesual#4 041217 11274 Repeticiones.<\/p>\n<p><img loading=\"lazy\" class=\"aligncenter size-full wp-image-435\" src=\"http:\/\/www.robertoguillen.com\/wp-content\/uploads\/2017\/12\/Procesual4-detalle.jpg\" alt=\"\" width=\"1024\" height=\"1024\" srcset=\"http:\/\/www.robertoguillen.com\/wp-content\/uploads\/2017\/12\/Procesual4-detalle.jpg 1024w, http:\/\/www.robertoguillen.com\/wp-content\/uploads\/2017\/12\/Procesual4-detalle-150x150.jpg 150w, http:\/\/www.robertoguillen.com\/wp-content\/uploads\/2017\/12\/Procesual4-detalle-300x300.jpg 300w, http:\/\/www.robertoguillen.com\/wp-content\/uploads\/2017\/12\/Procesual4-detalle-768x768.jpg 768w\" sizes=\"(max-width: 1024px) 100vw, 1024px\" \/><\/p>\n<hr \/>\n<p><img loading=\"lazy\" class=\"aligncenter size-full wp-image-425\" src=\"http:\/\/www.robertoguillen.com\/wp-content\/uploads\/2017\/12\/Procesual5-051217-14379reps-100x70-2017.jpg\" alt=\"\" width=\"1024\" height=\"1299\" srcset=\"http:\/\/www.robertoguillen.com\/wp-content\/uploads\/2017\/12\/Procesual5-051217-14379reps-100x70-2017.jpg 1024w, http:\/\/www.robertoguillen.com\/wp-content\/uploads\/2017\/12\/Procesual5-051217-14379reps-100x70-2017-236x300.jpg 236w, http:\/\/www.robertoguillen.com\/wp-content\/uploads\/2017\/12\/Procesual5-051217-14379reps-100x70-2017-768x974.jpg 768w, http:\/\/www.robertoguillen.com\/wp-content\/uploads\/2017\/12\/Procesual5-051217-14379reps-100x70-2017-807x1024.jpg 807w\" sizes=\"(max-width: 1024px) 100vw, 1024px\" \/><\/p>\n<p style=\"text-align: center;\">.Procesual#5 051217 14379 Repeticiones.<\/p>\n<p><img loading=\"lazy\" class=\"aligncenter size-full wp-image-436\" src=\"http:\/\/www.robertoguillen.com\/wp-content\/uploads\/2017\/12\/Procesual5-detalle.jpg\" alt=\"\" width=\"1024\" height=\"1024\" srcset=\"http:\/\/www.robertoguillen.com\/wp-content\/uploads\/2017\/12\/Procesual5-detalle.jpg 1024w, http:\/\/www.robertoguillen.com\/wp-content\/uploads\/2017\/12\/Procesual5-detalle-150x150.jpg 150w, http:\/\/www.robertoguillen.com\/wp-content\/uploads\/2017\/12\/Procesual5-detalle-300x300.jpg 300w, http:\/\/www.robertoguillen.com\/wp-content\/uploads\/2017\/12\/Procesual5-detalle-768x768.jpg 768w\" sizes=\"(max-width: 1024px) 100vw, 1024px\" \/><\/p>\n<hr \/>\n<p><img loading=\"lazy\" class=\"aligncenter size-full wp-image-426\" src=\"http:\/\/www.robertoguillen.com\/wp-content\/uploads\/2017\/12\/Procesual6-061217-18367reps-100x70-2017.jpg\" alt=\"\" width=\"1024\" height=\"1299\" srcset=\"http:\/\/www.robertoguillen.com\/wp-content\/uploads\/2017\/12\/Procesual6-061217-18367reps-100x70-2017.jpg 1024w, http:\/\/www.robertoguillen.com\/wp-content\/uploads\/2017\/12\/Procesual6-061217-18367reps-100x70-2017-236x300.jpg 236w, http:\/\/www.robertoguillen.com\/wp-content\/uploads\/2017\/12\/Procesual6-061217-18367reps-100x70-2017-768x974.jpg 768w, http:\/\/www.robertoguillen.com\/wp-content\/uploads\/2017\/12\/Procesual6-061217-18367reps-100x70-2017-807x1024.jpg 807w\" sizes=\"(max-width: 1024px) 100vw, 1024px\" \/><\/p>\n<p style=\"text-align: center;\">.Procesual#6 061217 18367 Repeticiones.<\/p>\n<p><img loading=\"lazy\" class=\"aligncenter size-full wp-image-437\" src=\"http:\/\/www.robertoguillen.com\/wp-content\/uploads\/2017\/12\/Procesual6-detalle.jpg\" alt=\"\" width=\"1024\" height=\"1024\" srcset=\"http:\/\/www.robertoguillen.com\/wp-content\/uploads\/2017\/12\/Procesual6-detalle.jpg 1024w, http:\/\/www.robertoguillen.com\/wp-content\/uploads\/2017\/12\/Procesual6-detalle-150x150.jpg 150w, http:\/\/www.robertoguillen.com\/wp-content\/uploads\/2017\/12\/Procesual6-detalle-300x300.jpg 300w, http:\/\/www.robertoguillen.com\/wp-content\/uploads\/2017\/12\/Procesual6-detalle-768x768.jpg 768w\" sizes=\"(max-width: 1024px) 100vw, 1024px\" \/><\/p>\n<hr \/>\n<p><img loading=\"lazy\" class=\"aligncenter size-full wp-image-427\" src=\"http:\/\/www.robertoguillen.com\/wp-content\/uploads\/2017\/12\/Procesual7-071217-22167reps-100x70-2017.jpg\" alt=\"\" width=\"1024\" height=\"1299\" srcset=\"http:\/\/www.robertoguillen.com\/wp-content\/uploads\/2017\/12\/Procesual7-071217-22167reps-100x70-2017.jpg 1024w, http:\/\/www.robertoguillen.com\/wp-content\/uploads\/2017\/12\/Procesual7-071217-22167reps-100x70-2017-236x300.jpg 236w, http:\/\/www.robertoguillen.com\/wp-content\/uploads\/2017\/12\/Procesual7-071217-22167reps-100x70-2017-768x974.jpg 768w, http:\/\/www.robertoguillen.com\/wp-content\/uploads\/2017\/12\/Procesual7-071217-22167reps-100x70-2017-807x1024.jpg 807w\" sizes=\"(max-width: 1024px) 100vw, 1024px\" \/><\/p>\n<p style=\"text-align: center;\">.Procesual#7 071217 22167 Repeticiones.<\/p>\n<p><img loading=\"lazy\" class=\"aligncenter size-full wp-image-438\" src=\"http:\/\/www.robertoguillen.com\/wp-content\/uploads\/2017\/12\/Procesual7-detalle.jpg\" alt=\"\" width=\"1024\" height=\"1024\" srcset=\"http:\/\/www.robertoguillen.com\/wp-content\/uploads\/2017\/12\/Procesual7-detalle.jpg 1024w, http:\/\/www.robertoguillen.com\/wp-content\/uploads\/2017\/12\/Procesual7-detalle-150x150.jpg 150w, http:\/\/www.robertoguillen.com\/wp-content\/uploads\/2017\/12\/Procesual7-detalle-300x300.jpg 300w, http:\/\/www.robertoguillen.com\/wp-content\/uploads\/2017\/12\/Procesual7-detalle-768x768.jpg 768w\" sizes=\"(max-width: 1024px) 100vw, 1024px\" \/><\/p>\n<hr \/>\n<p>&nbsp;<\/p>\n","protected":false},"excerpt":{"rendered":"<p>T\u00edtulo: Serie Procesual. Medidas: 100&#215;70 cada. Serie de 7. T\u00e9cnica: Tamp\u00f3n de tinta sobre papel. A\u00f1o: 2017. Proceso de repetici\u00f3n de un mismo gesto sobre papel. Durante una semana literal (siete d\u00edas) se ha procedido a realizar, de forma exponencial (el primer d\u00eda durante una hora hasta el s\u00e9ptimo d\u00eda durante siete horas), la repetici\u00f3n&hellip; <a class=\"more-link\" href=\"http:\/\/www.robertoguillen.com\/?page_id=420\">Seguir leyendo <span class=\"screen-reader-text\">SERIE PROCESUAL<\/span><\/a><\/p>\n","protected":false},"author":1,"featured_media":0,"parent":0,"menu_order":0,"comment_status":"closed","ping_status":"closed","template":"","meta":[],"_links":{"self":[{"href":"http:\/\/www.robertoguillen.com\/index.php?rest_route=\/wp\/v2\/pages\/420"}],"collection":[{"href":"http:\/\/www.robertoguillen.com\/index.php?rest_route=\/wp\/v2\/pages"}],"about":[{"href":"http:\/\/www.robertoguillen.com\/index.php?rest_route=\/wp\/v2\/types\/page"}],"author":[{"embeddable":true,"href":"http:\/\/www.robertoguillen.com\/index.php?rest_route=\/wp\/v2\/users\/1"}],"replies":[{"embeddable":true,"href":"http:\/\/www.robertoguillen.com\/index.php?rest_route=%2Fwp%2Fv2%2Fcomments&post=420"}],"version-history":[{"count":4,"href":"http:\/\/www.robertoguillen.com\/index.php?rest_route=\/wp\/v2\/pages\/420\/revisions"}],"predecessor-version":[{"id":499,"href":"http:\/\/www.robertoguillen.com\/index.php?rest_route=\/wp\/v2\/pages\/420\/revisions\/499"}],"wp:attachment":[{"href":"http:\/\/www.robertoguillen.com\/index.php?rest_route=%2Fwp%2Fv2%2Fmedia&parent=420"}],"curies":[{"name":"wp","href":"https:\/\/api.w.org\/{rel}","templated":true}]}}