{"id":389,"date":"2017-10-27T16:31:09","date_gmt":"2017-10-27T16:31:09","guid":{"rendered":"http:\/\/www.robertoguillen.com\/?page_id=389"},"modified":"2017-10-27T16:49:11","modified_gmt":"2017-10-27T16:49:11","slug":"the-wall-street-serie","status":"publish","type":"page","link":"http:\/\/www.robertoguillen.com\/?page_id=389","title":{"rendered":"The Wall Street Serie"},"content":{"rendered":"<p><strong>T\u00edtulo:<\/strong> The Wall Street Serie.<br \/>\n<strong>Medidas:<\/strong> Medidas Variables. 50 A4&#8217;s.<br \/>\n<strong>T\u00e9cnica:<\/strong> Spray sobre Papel.<br \/>\n<strong>A\u00f1o:<\/strong> 2013.<\/p>\n<p>Utilizo en esta ocasi\u00f3n una representaci\u00f3n del coraz\u00f3n humano y el icono del dolar para preguntarme sobre la dualidad entre el valor del coraz\u00f3n y el valor del dinero. Cual pesa m\u00e1s.<\/p>\n<hr \/>\n<p><img loading=\"lazy\" class=\"aligncenter size-full wp-image-392\" src=\"http:\/\/www.robertoguillen.com\/wp-content\/uploads\/2017\/10\/The-Wall-Street-Serie-1Marco.jpg\" alt=\"\" width=\"598\" height=\"800\" srcset=\"http:\/\/www.robertoguillen.com\/wp-content\/uploads\/2017\/10\/The-Wall-Street-Serie-1Marco.jpg 598w, http:\/\/www.robertoguillen.com\/wp-content\/uploads\/2017\/10\/The-Wall-Street-Serie-1Marco-224x300.jpg 224w\" sizes=\"(max-width: 598px) 100vw, 598px\" \/> <img loading=\"lazy\" class=\"aligncenter size-full wp-image-394\" src=\"http:\/\/www.robertoguillen.com\/wp-content\/uploads\/2017\/10\/The-Wall-Street-Serie-27Marco.jpg\" alt=\"\" width=\"598\" height=\"800\" srcset=\"http:\/\/www.robertoguillen.com\/wp-content\/uploads\/2017\/10\/The-Wall-Street-Serie-27Marco.jpg 598w, http:\/\/www.robertoguillen.com\/wp-content\/uploads\/2017\/10\/The-Wall-Street-Serie-27Marco-224x300.jpg 224w\" sizes=\"(max-width: 598px) 100vw, 598px\" \/> <img loading=\"lazy\" class=\"aligncenter size-full wp-image-395\" src=\"http:\/\/www.robertoguillen.com\/wp-content\/uploads\/2017\/10\/The-Wall-Street-Serie-36Marco.jpg\" alt=\"\" width=\"598\" height=\"800\" srcset=\"http:\/\/www.robertoguillen.com\/wp-content\/uploads\/2017\/10\/The-Wall-Street-Serie-36Marco.jpg 598w, http:\/\/www.robertoguillen.com\/wp-content\/uploads\/2017\/10\/The-Wall-Street-Serie-36Marco-224x300.jpg 224w\" sizes=\"(max-width: 598px) 100vw, 598px\" \/> <img loading=\"lazy\" class=\"aligncenter size-full wp-image-396\" src=\"http:\/\/www.robertoguillen.com\/wp-content\/uploads\/2017\/10\/The-Wall-Street-Serie-48Marco.jpg\" alt=\"\" width=\"598\" height=\"800\" srcset=\"http:\/\/www.robertoguillen.com\/wp-content\/uploads\/2017\/10\/The-Wall-Street-Serie-48Marco.jpg 598w, http:\/\/www.robertoguillen.com\/wp-content\/uploads\/2017\/10\/The-Wall-Street-Serie-48Marco-224x300.jpg 224w\" sizes=\"(max-width: 598px) 100vw, 598px\" \/> <img loading=\"lazy\" class=\"aligncenter size-full wp-image-393\" src=\"http:\/\/www.robertoguillen.com\/wp-content\/uploads\/2017\/10\/The-Wall-Street-Serie-17Marco.jpg\" alt=\"\" width=\"598\" height=\"800\" srcset=\"http:\/\/www.robertoguillen.com\/wp-content\/uploads\/2017\/10\/The-Wall-Street-Serie-17Marco.jpg 598w, http:\/\/www.robertoguillen.com\/wp-content\/uploads\/2017\/10\/The-Wall-Street-Serie-17Marco-224x300.jpg 224w\" sizes=\"(max-width: 598px) 100vw, 598px\" \/><\/p>\n<p><img loading=\"lazy\" class=\"aligncenter size-full wp-image-397\" src=\"http:\/\/www.robertoguillen.com\/wp-content\/uploads\/2017\/10\/The-Wall-Street-Serie-BAJA.jpg\" alt=\"\" width=\"1200\" height=\"827\" srcset=\"http:\/\/www.robertoguillen.com\/wp-content\/uploads\/2017\/10\/The-Wall-Street-Serie-BAJA.jpg 1200w, http:\/\/www.robertoguillen.com\/wp-content\/uploads\/2017\/10\/The-Wall-Street-Serie-BAJA-300x207.jpg 300w, http:\/\/www.robertoguillen.com\/wp-content\/uploads\/2017\/10\/The-Wall-Street-Serie-BAJA-768x529.jpg 768w, http:\/\/www.robertoguillen.com\/wp-content\/uploads\/2017\/10\/The-Wall-Street-Serie-BAJA-1024x706.jpg 1024w\" sizes=\"(max-width: 1200px) 100vw, 1200px\" \/><\/p>\n","protected":false},"excerpt":{"rendered":"<p>T\u00edtulo: The Wall Street Serie. Medidas: Medidas Variables. 50 A4&#8217;s. T\u00e9cnica: Spray sobre Papel. A\u00f1o: 2013. Utilizo en esta ocasi\u00f3n una representaci\u00f3n del coraz\u00f3n humano y el icono del dolar para preguntarme sobre la dualidad entre el valor del coraz\u00f3n y el valor del dinero. Cual pesa m\u00e1s.<\/p>\n","protected":false},"author":1,"featured_media":0,"parent":0,"menu_order":0,"comment_status":"closed","ping_status":"closed","template":"","meta":[],"_links":{"self":[{"href":"http:\/\/www.robertoguillen.com\/index.php?rest_route=\/wp\/v2\/pages\/389"}],"collection":[{"href":"http:\/\/www.robertoguillen.com\/index.php?rest_route=\/wp\/v2\/pages"}],"about":[{"href":"http:\/\/www.robertoguillen.com\/index.php?rest_route=\/wp\/v2\/types\/page"}],"author":[{"embeddable":true,"href":"http:\/\/www.robertoguillen.com\/index.php?rest_route=\/wp\/v2\/users\/1"}],"replies":[{"embeddable":true,"href":"http:\/\/www.robertoguillen.com\/index.php?rest_route=%2Fwp%2Fv2%2Fcomments&post=389"}],"version-history":[{"count":3,"href":"http:\/\/www.robertoguillen.com\/index.php?rest_route=\/wp\/v2\/pages\/389\/revisions"}],"predecessor-version":[{"id":398,"href":"http:\/\/www.robertoguillen.com\/index.php?rest_route=\/wp\/v2\/pages\/389\/revisions\/398"}],"wp:attachment":[{"href":"http:\/\/www.robertoguillen.com\/index.php?rest_route=%2Fwp%2Fv2%2Fmedia&parent=389"}],"curies":[{"name":"wp","href":"https:\/\/api.w.org\/{rel}","templated":true}]}}