{"id":379,"date":"2017-10-27T16:21:48","date_gmt":"2017-10-27T16:21:48","guid":{"rendered":"http:\/\/www.robertoguillen.com\/?page_id=379"},"modified":"2017-10-27T16:26:32","modified_gmt":"2017-10-27T16:26:32","slug":"in-god-we-trust","status":"publish","type":"page","link":"http:\/\/www.robertoguillen.com\/?page_id=379","title":{"rendered":"In GOD We Trust"},"content":{"rendered":"<p><strong>T\u00edtulo: <\/strong>In GOD We Trust.<br \/>\n<strong>Medidas:<\/strong> Variables. Instalaci\u00f3n de 50 A4.<br \/>\n<strong>T\u00e9cnica:<\/strong> Impresi\u00f3n digital sobre Papel.<br \/>\n<strong>A\u00f1o:<\/strong> 2012.<\/p>\n<hr \/>\n<p><img loading=\"lazy\" class=\"aligncenter size-full wp-image-382\" src=\"http:\/\/www.robertoguillen.com\/wp-content\/uploads\/2017\/10\/01.jpg\" alt=\"\" width=\"724\" height=\"1024\" srcset=\"http:\/\/www.robertoguillen.com\/wp-content\/uploads\/2017\/10\/01.jpg 724w, http:\/\/www.robertoguillen.com\/wp-content\/uploads\/2017\/10\/01-212x300.jpg 212w\" sizes=\"(max-width: 724px) 100vw, 724px\" \/> <img loading=\"lazy\" class=\"aligncenter size-full wp-image-383\" src=\"http:\/\/www.robertoguillen.com\/wp-content\/uploads\/2017\/10\/02.jpg\" alt=\"\" width=\"724\" height=\"1024\" srcset=\"http:\/\/www.robertoguillen.com\/wp-content\/uploads\/2017\/10\/02.jpg 724w, http:\/\/www.robertoguillen.com\/wp-content\/uploads\/2017\/10\/02-212x300.jpg 212w\" sizes=\"(max-width: 724px) 100vw, 724px\" \/> <img loading=\"lazy\" class=\"aligncenter size-full wp-image-384\" src=\"http:\/\/www.robertoguillen.com\/wp-content\/uploads\/2017\/10\/Ejemplo-Montaje-BAJA.jpg\" alt=\"\" width=\"1200\" height=\"827\" srcset=\"http:\/\/www.robertoguillen.com\/wp-content\/uploads\/2017\/10\/Ejemplo-Montaje-BAJA.jpg 1200w, http:\/\/www.robertoguillen.com\/wp-content\/uploads\/2017\/10\/Ejemplo-Montaje-BAJA-300x207.jpg 300w, http:\/\/www.robertoguillen.com\/wp-content\/uploads\/2017\/10\/Ejemplo-Montaje-BAJA-768x529.jpg 768w, http:\/\/www.robertoguillen.com\/wp-content\/uploads\/2017\/10\/Ejemplo-Montaje-BAJA-1024x706.jpg 1024w\" sizes=\"(max-width: 1200px) 100vw, 1200px\" \/><\/p>\n","protected":false},"excerpt":{"rendered":"<p>T\u00edtulo: In GOD We Trust. Medidas: Variables. Instalaci\u00f3n de 50 A4. T\u00e9cnica: Impresi\u00f3n digital sobre Papel. A\u00f1o: 2012.<\/p>\n","protected":false},"author":1,"featured_media":0,"parent":0,"menu_order":0,"comment_status":"closed","ping_status":"closed","template":"","meta":[],"_links":{"self":[{"href":"http:\/\/www.robertoguillen.com\/index.php?rest_route=\/wp\/v2\/pages\/379"}],"collection":[{"href":"http:\/\/www.robertoguillen.com\/index.php?rest_route=\/wp\/v2\/pages"}],"about":[{"href":"http:\/\/www.robertoguillen.com\/index.php?rest_route=\/wp\/v2\/types\/page"}],"author":[{"embeddable":true,"href":"http:\/\/www.robertoguillen.com\/index.php?rest_route=\/wp\/v2\/users\/1"}],"replies":[{"embeddable":true,"href":"http:\/\/www.robertoguillen.com\/index.php?rest_route=%2Fwp%2Fv2%2Fcomments&post=379"}],"version-history":[{"count":3,"href":"http:\/\/www.robertoguillen.com\/index.php?rest_route=\/wp\/v2\/pages\/379\/revisions"}],"predecessor-version":[{"id":385,"href":"http:\/\/www.robertoguillen.com\/index.php?rest_route=\/wp\/v2\/pages\/379\/revisions\/385"}],"wp:attachment":[{"href":"http:\/\/www.robertoguillen.com\/index.php?rest_route=%2Fwp%2Fv2%2Fmedia&parent=379"}],"curies":[{"name":"wp","href":"https:\/\/api.w.org\/{rel}","templated":true}]}}