{"id":374,"date":"2017-10-27T16:05:02","date_gmt":"2017-10-27T16:05:02","guid":{"rendered":"http:\/\/www.robertoguillen.com\/?page_id=374"},"modified":"2017-10-27T16:05:02","modified_gmt":"2017-10-27T16:05:02","slug":"series","status":"publish","type":"page","link":"http:\/\/www.robertoguillen.com\/?page_id=374","title":{"rendered":"SERIES"},"content":{"rendered":"<p>Como buen hijo de la Contemporaneidad que soy, la serialidad es un pilar en mi producci\u00f3n art\u00edstica. En el men\u00fa desplegable se pueden ver algunos trabajos que la representan.<\/p>\n<p>En su mayor\u00eda son obras gr\u00e1ficas en papel. Con disparidad de t\u00e9cnicas.\u00a0 En las que, mediante una misma ejecuci\u00f3n, obtengo diferentes resultados para crear series de trabajos comunes.<\/p>\n","protected":false},"excerpt":{"rendered":"<p>Como buen hijo de la Contemporaneidad que soy, la serialidad es un pilar en mi producci\u00f3n art\u00edstica. En el men\u00fa desplegable se pueden ver algunos trabajos que la representan. En su mayor\u00eda son obras gr\u00e1ficas en papel. Con disparidad de t\u00e9cnicas.\u00a0 En las que, mediante una misma ejecuci\u00f3n, obtengo diferentes resultados para crear series de&hellip; <a class=\"more-link\" href=\"http:\/\/www.robertoguillen.com\/?page_id=374\">Seguir leyendo <span class=\"screen-reader-text\">SERIES<\/span><\/a><\/p>\n","protected":false},"author":1,"featured_media":0,"parent":0,"menu_order":0,"comment_status":"closed","ping_status":"closed","template":"","meta":[],"_links":{"self":[{"href":"http:\/\/www.robertoguillen.com\/index.php?rest_route=\/wp\/v2\/pages\/374"}],"collection":[{"href":"http:\/\/www.robertoguillen.com\/index.php?rest_route=\/wp\/v2\/pages"}],"about":[{"href":"http:\/\/www.robertoguillen.com\/index.php?rest_route=\/wp\/v2\/types\/page"}],"author":[{"embeddable":true,"href":"http:\/\/www.robertoguillen.com\/index.php?rest_route=\/wp\/v2\/users\/1"}],"replies":[{"embeddable":true,"href":"http:\/\/www.robertoguillen.com\/index.php?rest_route=%2Fwp%2Fv2%2Fcomments&post=374"}],"version-history":[{"count":1,"href":"http:\/\/www.robertoguillen.com\/index.php?rest_route=\/wp\/v2\/pages\/374\/revisions"}],"predecessor-version":[{"id":375,"href":"http:\/\/www.robertoguillen.com\/index.php?rest_route=\/wp\/v2\/pages\/374\/revisions\/375"}],"wp:attachment":[{"href":"http:\/\/www.robertoguillen.com\/index.php?rest_route=%2Fwp%2Fv2%2Fmedia&parent=374"}],"curies":[{"name":"wp","href":"https:\/\/api.w.org\/{rel}","templated":true}]}}