{"id":364,"date":"2017-10-26T16:57:42","date_gmt":"2017-10-26T16:57:42","guid":{"rendered":"http:\/\/www.robertoguillen.com\/?page_id=364"},"modified":"2017-10-26T16:57:42","modified_gmt":"2017-10-26T16:57:42","slug":"unfinished-sympathy-combinaciones-2016","status":"publish","type":"page","link":"http:\/\/www.robertoguillen.com\/?page_id=364","title":{"rendered":"Unfinished Sympathy (Combinaciones 2016)"},"content":{"rendered":"<p><strong>T\u00edtulo:<\/strong> Unfinished Sympathy (combinaciones 2016).<br \/>\n<strong>Medidas:<\/strong> D\u00edptico. 2 L\u00e1minas de 70 x 50.<br \/>\n<strong>T\u00e9cnica:<\/strong> Tinta sobre Papel.<br \/>\n<strong>A\u00f1o:<\/strong> 2017.<\/p>\n<p>Registro y apunte de los n\u00fameros correspondientes al sorteo de la Loter\u00eda de Navidad del a\u00f1o 2016. Asignando cada vez un color (de caja de rotuladores para ni\u00f1os Stabilo comprada en una gran superficie) a cada n\u00famero creando un mapa crom\u00e1tico del azar.<\/p>\n<p>&nbsp;<\/p>\n<hr \/>\n<p><img loading=\"lazy\" class=\"size-full wp-image-365 alignnone\" src=\"http:\/\/www.robertoguillen.com\/wp-content\/uploads\/2017\/10\/Unfinished-Sympathy-Combinaciones-2016-A-50x70-2016.jpg\" alt=\"\" width=\"1196\" height=\"1800\" srcset=\"http:\/\/www.robertoguillen.com\/wp-content\/uploads\/2017\/10\/Unfinished-Sympathy-Combinaciones-2016-A-50x70-2016.jpg 1196w, http:\/\/www.robertoguillen.com\/wp-content\/uploads\/2017\/10\/Unfinished-Sympathy-Combinaciones-2016-A-50x70-2016-199x300.jpg 199w, http:\/\/www.robertoguillen.com\/wp-content\/uploads\/2017\/10\/Unfinished-Sympathy-Combinaciones-2016-A-50x70-2016-768x1156.jpg 768w, http:\/\/www.robertoguillen.com\/wp-content\/uploads\/2017\/10\/Unfinished-Sympathy-Combinaciones-2016-A-50x70-2016-680x1024.jpg 680w\" sizes=\"(max-width: 1196px) 100vw, 1196px\" \/> <img loading=\"lazy\" class=\"size-full wp-image-366 alignnone\" src=\"http:\/\/www.robertoguillen.com\/wp-content\/uploads\/2017\/10\/Unfinished-Sympathy-Combinaciones-2016-B-50x70-2016.jpg\" alt=\"\" width=\"1196\" height=\"1800\" srcset=\"http:\/\/www.robertoguillen.com\/wp-content\/uploads\/2017\/10\/Unfinished-Sympathy-Combinaciones-2016-B-50x70-2016.jpg 1196w, http:\/\/www.robertoguillen.com\/wp-content\/uploads\/2017\/10\/Unfinished-Sympathy-Combinaciones-2016-B-50x70-2016-199x300.jpg 199w, http:\/\/www.robertoguillen.com\/wp-content\/uploads\/2017\/10\/Unfinished-Sympathy-Combinaciones-2016-B-50x70-2016-768x1156.jpg 768w, http:\/\/www.robertoguillen.com\/wp-content\/uploads\/2017\/10\/Unfinished-Sympathy-Combinaciones-2016-B-50x70-2016-680x1024.jpg 680w\" sizes=\"(max-width: 1196px) 100vw, 1196px\" \/> <img loading=\"lazy\" class=\"size-full wp-image-367 alignnone\" src=\"http:\/\/www.robertoguillen.com\/wp-content\/uploads\/2017\/10\/Unfinished-Sympathy-Combinaciones-2016-Ambas-50x70-2016.jpg\" alt=\"\" width=\"1200\" height=\"884\" srcset=\"http:\/\/www.robertoguillen.com\/wp-content\/uploads\/2017\/10\/Unfinished-Sympathy-Combinaciones-2016-Ambas-50x70-2016.jpg 1200w, http:\/\/www.robertoguillen.com\/wp-content\/uploads\/2017\/10\/Unfinished-Sympathy-Combinaciones-2016-Ambas-50x70-2016-300x221.jpg 300w, http:\/\/www.robertoguillen.com\/wp-content\/uploads\/2017\/10\/Unfinished-Sympathy-Combinaciones-2016-Ambas-50x70-2016-768x566.jpg 768w, http:\/\/www.robertoguillen.com\/wp-content\/uploads\/2017\/10\/Unfinished-Sympathy-Combinaciones-2016-Ambas-50x70-2016-1024x754.jpg 1024w\" sizes=\"(max-width: 1200px) 100vw, 1200px\" \/><\/p>\n","protected":false},"excerpt":{"rendered":"<p>T\u00edtulo: Unfinished Sympathy (combinaciones 2016). Medidas: D\u00edptico. 2 L\u00e1minas de 70 x 50. T\u00e9cnica: Tinta sobre Papel. A\u00f1o: 2017. Registro y apunte de los n\u00fameros correspondientes al sorteo de la Loter\u00eda de Navidad del a\u00f1o 2016. Asignando cada vez un color (de caja de rotuladores para ni\u00f1os Stabilo comprada en una gran superficie) a cada&hellip; <a class=\"more-link\" href=\"http:\/\/www.robertoguillen.com\/?page_id=364\">Seguir leyendo <span class=\"screen-reader-text\">Unfinished Sympathy (Combinaciones 2016)<\/span><\/a><\/p>\n","protected":false},"author":1,"featured_media":0,"parent":0,"menu_order":0,"comment_status":"closed","ping_status":"closed","template":"","meta":[],"_links":{"self":[{"href":"http:\/\/www.robertoguillen.com\/index.php?rest_route=\/wp\/v2\/pages\/364"}],"collection":[{"href":"http:\/\/www.robertoguillen.com\/index.php?rest_route=\/wp\/v2\/pages"}],"about":[{"href":"http:\/\/www.robertoguillen.com\/index.php?rest_route=\/wp\/v2\/types\/page"}],"author":[{"embeddable":true,"href":"http:\/\/www.robertoguillen.com\/index.php?rest_route=\/wp\/v2\/users\/1"}],"replies":[{"embeddable":true,"href":"http:\/\/www.robertoguillen.com\/index.php?rest_route=%2Fwp%2Fv2%2Fcomments&post=364"}],"version-history":[{"count":1,"href":"http:\/\/www.robertoguillen.com\/index.php?rest_route=\/wp\/v2\/pages\/364\/revisions"}],"predecessor-version":[{"id":368,"href":"http:\/\/www.robertoguillen.com\/index.php?rest_route=\/wp\/v2\/pages\/364\/revisions\/368"}],"wp:attachment":[{"href":"http:\/\/www.robertoguillen.com\/index.php?rest_route=%2Fwp%2Fv2%2Fmedia&parent=364"}],"curies":[{"name":"wp","href":"https:\/\/api.w.org\/{rel}","templated":true}]}}