{"id":323,"date":"2017-06-06T20:26:45","date_gmt":"2017-06-06T20:26:45","guid":{"rendered":"http:\/\/www.robertoguillen.com\/?page_id=323"},"modified":"2017-06-06T20:47:43","modified_gmt":"2017-06-06T20:47:43","slug":"magna","status":"publish","type":"page","link":"http:\/\/www.robertoguillen.com\/?page_id=323","title":{"rendered":"MAGNA"},"content":{"rendered":"<p><strong>T\u00edtulo:<\/strong> MAGNA.<br \/>\n<strong>Medidas:<\/strong> 100&#215;70. Variables.<br \/>\n<strong>T\u00e9cnica:<\/strong> Impresi\u00f3n digital sobre papel.<br \/>\n<strong>A\u00f1o:<\/strong> 2017.<\/p>\n<p>MAGNA representa una suerte de borr\u00f3n.<br \/>\nPara la realizaci\u00f3n de este proyecto, lo que he hecho ha sido colocar y organizar, una tras otra, todas las p\u00e1ginas de la Constituci\u00f3n Espa\u00f1ola que cualquier usuario puede descargarse del Bolet\u00edn Oficial del Estado (BOE). La imagen resultante es una nebulosa intrincada de letras.<br \/>\nEl significado, habla por si solo.<\/p>\n<p>&#8212;&#8212;&#8212;&#8212;&#8212;&#8212;&#8212;&#8212;&#8212;&#8212;&#8212;&#8212;&#8212;&#8212;&#8212;&#8212;&#8212;&#8212;&#8212;&#8212;&#8212;&#8212;&#8212;&#8212;&#8212;&#8212;&#8212;&#8212;<\/p>\n<p>MAGNA represents some kind of blur.<br \/>\nFor this project, what I&#8217;ve done has been to place and organize, one after one, all the pages of the Spanish Constitution that any user can download from the \u00abBolet\u00edn Oficial del Estado\u00bb (BOE). The resulting image is an intricate nebula of letters.<br \/>\nMeaning speaks for itself.<\/p>\n<hr \/>\n<p><img loading=\"lazy\" class=\"aligncenter size-full wp-image-325\" src=\"http:\/\/www.robertoguillen.com\/wp-content\/uploads\/2017\/06\/MAGNA.jpg\" alt=\"\" width=\"1500\" height=\"2143\" srcset=\"http:\/\/www.robertoguillen.com\/wp-content\/uploads\/2017\/06\/MAGNA.jpg 1500w, http:\/\/www.robertoguillen.com\/wp-content\/uploads\/2017\/06\/MAGNA-210x300.jpg 210w, http:\/\/www.robertoguillen.com\/wp-content\/uploads\/2017\/06\/MAGNA-768x1097.jpg 768w, http:\/\/www.robertoguillen.com\/wp-content\/uploads\/2017\/06\/MAGNA-717x1024.jpg 717w\" sizes=\"(max-width: 1500px) 100vw, 1500px\" \/><\/p>\n","protected":false},"excerpt":{"rendered":"<p>T\u00edtulo: MAGNA. Medidas: 100&#215;70. Variables. T\u00e9cnica: Impresi\u00f3n digital sobre papel. A\u00f1o: 2017. MAGNA representa una suerte de borr\u00f3n. Para la realizaci\u00f3n de este proyecto, lo que he hecho ha sido colocar y organizar, una tras otra, todas las p\u00e1ginas de la Constituci\u00f3n Espa\u00f1ola que cualquier usuario puede descargarse del Bolet\u00edn Oficial del Estado (BOE). La&hellip; <a class=\"more-link\" href=\"http:\/\/www.robertoguillen.com\/?page_id=323\">Seguir leyendo <span class=\"screen-reader-text\">MAGNA<\/span><\/a><\/p>\n","protected":false},"author":1,"featured_media":0,"parent":0,"menu_order":0,"comment_status":"closed","ping_status":"closed","template":"","meta":[],"_links":{"self":[{"href":"http:\/\/www.robertoguillen.com\/index.php?rest_route=\/wp\/v2\/pages\/323"}],"collection":[{"href":"http:\/\/www.robertoguillen.com\/index.php?rest_route=\/wp\/v2\/pages"}],"about":[{"href":"http:\/\/www.robertoguillen.com\/index.php?rest_route=\/wp\/v2\/types\/page"}],"author":[{"embeddable":true,"href":"http:\/\/www.robertoguillen.com\/index.php?rest_route=\/wp\/v2\/users\/1"}],"replies":[{"embeddable":true,"href":"http:\/\/www.robertoguillen.com\/index.php?rest_route=%2Fwp%2Fv2%2Fcomments&post=323"}],"version-history":[{"count":3,"href":"http:\/\/www.robertoguillen.com\/index.php?rest_route=\/wp\/v2\/pages\/323\/revisions"}],"predecessor-version":[{"id":328,"href":"http:\/\/www.robertoguillen.com\/index.php?rest_route=\/wp\/v2\/pages\/323\/revisions\/328"}],"wp:attachment":[{"href":"http:\/\/www.robertoguillen.com\/index.php?rest_route=%2Fwp%2Fv2%2Fmedia&parent=323"}],"curies":[{"name":"wp","href":"https:\/\/api.w.org\/{rel}","templated":true}]}}