{"id":28,"date":"2016-06-27T21:11:37","date_gmt":"2016-06-27T21:11:37","guid":{"rendered":"http:\/\/www.robertoguillen.com\/?page_id=28"},"modified":"2016-09-10T14:27:10","modified_gmt":"2016-09-10T14:27:10","slug":"428-formas-parecidas-a-un-raton","status":"publish","type":"page","link":"http:\/\/www.robertoguillen.com\/?page_id=28","title":{"rendered":"428 Formas Parecidas a un Rat\u00f3n"},"content":{"rendered":"<p><strong>T\u00edtulo:<\/strong> 428 Formas Parecidas a un Rat\u00f3n.<br \/>\n<strong>Medidas:<\/strong> 200 x 150.<br \/>\n<strong>T\u00e9cnica:<\/strong> Spray sobre Tela.<br \/>\n<strong>A\u00f1o:<\/strong> 2016.<\/p>\n<p>Cuantificaci\u00f3n del proceso. Repetici\u00f3n con diferentes colores de un mismo Stencil o Plantilla. Durante ocho sesiones de taller. Unas dos o tres horas por sesi\u00f3n. Cuantificando las veces repetidas para obtener el t\u00edtulo final de la obra.<\/p>\n<p><img loading=\"lazy\" class=\"aligncenter wp-image-29\" src=\"http:\/\/www.robertoguillen.com\/wp-content\/uploads\/2016\/06\/428-Formas-Parecidas-a-un-Rat\u00f3n-210x150-2016.jpg\" alt=\"428 Formas Parecidas a un Rat\u00f3n\" width=\"1200\" height=\"797\" srcset=\"http:\/\/www.robertoguillen.com\/wp-content\/uploads\/2016\/06\/428-Formas-Parecidas-a-un-Rat\u00f3n-210x150-2016.jpg 1200w, http:\/\/www.robertoguillen.com\/wp-content\/uploads\/2016\/06\/428-Formas-Parecidas-a-un-Rat\u00f3n-210x150-2016-300x199.jpg 300w, http:\/\/www.robertoguillen.com\/wp-content\/uploads\/2016\/06\/428-Formas-Parecidas-a-un-Rat\u00f3n-210x150-2016-768x510.jpg 768w, http:\/\/www.robertoguillen.com\/wp-content\/uploads\/2016\/06\/428-Formas-Parecidas-a-un-Rat\u00f3n-210x150-2016-1024x680.jpg 1024w\" sizes=\"(max-width: 1200px) 100vw, 1200px\" \/><\/p>\n","protected":false},"excerpt":{"rendered":"<p>T\u00edtulo: 428 Formas Parecidas a un Rat\u00f3n. Medidas: 200 x 150. T\u00e9cnica: Spray sobre Tela. A\u00f1o: 2016. Cuantificaci\u00f3n del proceso. Repetici\u00f3n con diferentes colores de un mismo Stencil o Plantilla. Durante ocho sesiones de taller. Unas dos o tres horas por sesi\u00f3n. Cuantificando las veces repetidas para obtener el t\u00edtulo final de la obra.<\/p>\n","protected":false},"author":1,"featured_media":0,"parent":0,"menu_order":0,"comment_status":"closed","ping_status":"closed","template":"","meta":[],"_links":{"self":[{"href":"http:\/\/www.robertoguillen.com\/index.php?rest_route=\/wp\/v2\/pages\/28"}],"collection":[{"href":"http:\/\/www.robertoguillen.com\/index.php?rest_route=\/wp\/v2\/pages"}],"about":[{"href":"http:\/\/www.robertoguillen.com\/index.php?rest_route=\/wp\/v2\/types\/page"}],"author":[{"embeddable":true,"href":"http:\/\/www.robertoguillen.com\/index.php?rest_route=\/wp\/v2\/users\/1"}],"replies":[{"embeddable":true,"href":"http:\/\/www.robertoguillen.com\/index.php?rest_route=%2Fwp%2Fv2%2Fcomments&post=28"}],"version-history":[{"count":11,"href":"http:\/\/www.robertoguillen.com\/index.php?rest_route=\/wp\/v2\/pages\/28\/revisions"}],"predecessor-version":[{"id":237,"href":"http:\/\/www.robertoguillen.com\/index.php?rest_route=\/wp\/v2\/pages\/28\/revisions\/237"}],"wp:attachment":[{"href":"http:\/\/www.robertoguillen.com\/index.php?rest_route=%2Fwp%2Fv2%2Fmedia&parent=28"}],"curies":[{"name":"wp","href":"https:\/\/api.w.org\/{rel}","templated":true}]}}