{"id":272,"date":"2016-09-24T18:23:28","date_gmt":"2016-09-24T18:23:28","guid":{"rendered":"http:\/\/www.robertoguillen.com\/?page_id=272"},"modified":"2016-09-24T18:23:28","modified_gmt":"2016-09-24T18:23:28","slug":"everybody-needs-a-hero","status":"publish","type":"page","link":"http:\/\/www.robertoguillen.com\/?page_id=272","title":{"rendered":"Everybody Needs a Hero"},"content":{"rendered":"<p><strong>T\u00edtulo:<\/strong> Everybody Needs a Hero.<br \/>\n<strong>Medidas: <\/strong>50&#215;70 cada.<br \/>\n<strong>T\u00e9cnica:<\/strong> Transfer y Spray sobre Papel.<br \/>\n<strong>A\u00f1o:<\/strong> 2014.<\/p>\n<hr \/>\n<p><img loading=\"lazy\" class=\"aligncenter size-full wp-image-273\" src=\"http:\/\/www.robertoguillen.com\/wp-content\/uploads\/2016\/09\/Everybody-Needs-a-Hero-All-baja.jpg\" alt=\"everybody-needs-a-hero-all-baja\" width=\"1500\" height=\"1423\" srcset=\"http:\/\/www.robertoguillen.com\/wp-content\/uploads\/2016\/09\/Everybody-Needs-a-Hero-All-baja.jpg 1500w, http:\/\/www.robertoguillen.com\/wp-content\/uploads\/2016\/09\/Everybody-Needs-a-Hero-All-baja-300x285.jpg 300w, http:\/\/www.robertoguillen.com\/wp-content\/uploads\/2016\/09\/Everybody-Needs-a-Hero-All-baja-768x729.jpg 768w, http:\/\/www.robertoguillen.com\/wp-content\/uploads\/2016\/09\/Everybody-Needs-a-Hero-All-baja-1024x971.jpg 1024w\" sizes=\"(max-width: 1500px) 100vw, 1500px\" \/><\/p>\n","protected":false},"excerpt":{"rendered":"<p>T\u00edtulo: Everybody Needs a Hero. Medidas: 50&#215;70 cada. T\u00e9cnica: Transfer y Spray sobre Papel. A\u00f1o: 2014.<\/p>\n","protected":false},"author":1,"featured_media":0,"parent":0,"menu_order":0,"comment_status":"closed","ping_status":"closed","template":"","meta":[],"_links":{"self":[{"href":"http:\/\/www.robertoguillen.com\/index.php?rest_route=\/wp\/v2\/pages\/272"}],"collection":[{"href":"http:\/\/www.robertoguillen.com\/index.php?rest_route=\/wp\/v2\/pages"}],"about":[{"href":"http:\/\/www.robertoguillen.com\/index.php?rest_route=\/wp\/v2\/types\/page"}],"author":[{"embeddable":true,"href":"http:\/\/www.robertoguillen.com\/index.php?rest_route=\/wp\/v2\/users\/1"}],"replies":[{"embeddable":true,"href":"http:\/\/www.robertoguillen.com\/index.php?rest_route=%2Fwp%2Fv2%2Fcomments&post=272"}],"version-history":[{"count":1,"href":"http:\/\/www.robertoguillen.com\/index.php?rest_route=\/wp\/v2\/pages\/272\/revisions"}],"predecessor-version":[{"id":274,"href":"http:\/\/www.robertoguillen.com\/index.php?rest_route=\/wp\/v2\/pages\/272\/revisions\/274"}],"wp:attachment":[{"href":"http:\/\/www.robertoguillen.com\/index.php?rest_route=%2Fwp%2Fv2%2Fmedia&parent=272"}],"curies":[{"name":"wp","href":"https:\/\/api.w.org\/{rel}","templated":true}]}}