{"id":260,"date":"2016-09-24T17:45:23","date_gmt":"2016-09-24T17:45:23","guid":{"rendered":"http:\/\/www.robertoguillen.com\/?page_id=260"},"modified":"2016-09-24T17:48:08","modified_gmt":"2016-09-24T17:48:08","slug":"fluor-skulls","status":"publish","type":"page","link":"http:\/\/www.robertoguillen.com\/?page_id=260","title":{"rendered":"Fluor Skulls"},"content":{"rendered":"<p><strong>T\u00edtulo:<\/strong> Fluor Skulls.<br \/>\n<strong>Medidas:<\/strong> A4.<br \/>\n<strong>T\u00e9cnica:<\/strong> Spray sobre Papel.<br \/>\n<strong>A\u00f1o:<\/strong> 2015.<\/p>\n<hr \/>\n<p><img loading=\"lazy\" class=\"aligncenter size-full wp-image-261\" src=\"http:\/\/www.robertoguillen.com\/wp-content\/uploads\/2016\/09\/Fluor-Skulls-Mural-baja.jpg\" alt=\"fluor-skulls-mural-baja\" width=\"1500\" height=\"850\" srcset=\"http:\/\/www.robertoguillen.com\/wp-content\/uploads\/2016\/09\/Fluor-Skulls-Mural-baja.jpg 1500w, http:\/\/www.robertoguillen.com\/wp-content\/uploads\/2016\/09\/Fluor-Skulls-Mural-baja-300x170.jpg 300w, http:\/\/www.robertoguillen.com\/wp-content\/uploads\/2016\/09\/Fluor-Skulls-Mural-baja-768x435.jpg 768w, http:\/\/www.robertoguillen.com\/wp-content\/uploads\/2016\/09\/Fluor-Skulls-Mural-baja-1024x580.jpg 1024w\" sizes=\"(max-width: 1500px) 100vw, 1500px\" \/><\/p>\n","protected":false},"excerpt":{"rendered":"<p>T\u00edtulo: Fluor Skulls. Medidas: A4. T\u00e9cnica: Spray sobre Papel. A\u00f1o: 2015.<\/p>\n","protected":false},"author":1,"featured_media":0,"parent":0,"menu_order":0,"comment_status":"closed","ping_status":"closed","template":"","meta":[],"_links":{"self":[{"href":"http:\/\/www.robertoguillen.com\/index.php?rest_route=\/wp\/v2\/pages\/260"}],"collection":[{"href":"http:\/\/www.robertoguillen.com\/index.php?rest_route=\/wp\/v2\/pages"}],"about":[{"href":"http:\/\/www.robertoguillen.com\/index.php?rest_route=\/wp\/v2\/types\/page"}],"author":[{"embeddable":true,"href":"http:\/\/www.robertoguillen.com\/index.php?rest_route=\/wp\/v2\/users\/1"}],"replies":[{"embeddable":true,"href":"http:\/\/www.robertoguillen.com\/index.php?rest_route=%2Fwp%2Fv2%2Fcomments&post=260"}],"version-history":[{"count":2,"href":"http:\/\/www.robertoguillen.com\/index.php?rest_route=\/wp\/v2\/pages\/260\/revisions"}],"predecessor-version":[{"id":269,"href":"http:\/\/www.robertoguillen.com\/index.php?rest_route=\/wp\/v2\/pages\/260\/revisions\/269"}],"wp:attachment":[{"href":"http:\/\/www.robertoguillen.com\/index.php?rest_route=%2Fwp%2Fv2%2Fmedia&parent=260"}],"curies":[{"name":"wp","href":"https:\/\/api.w.org\/{rel}","templated":true}]}}