{"id":256,"date":"2016-09-24T17:29:21","date_gmt":"2016-09-24T17:29:21","guid":{"rendered":"http:\/\/www.robertoguillen.com\/?page_id=256"},"modified":"2016-09-24T17:47:54","modified_gmt":"2016-09-24T17:47:54","slug":"every-wants-to-be-warhol","status":"publish","type":"page","link":"http:\/\/www.robertoguillen.com\/?page_id=256","title":{"rendered":"Every Wants to be Warhol"},"content":{"rendered":"<p><strong>T\u00edtulo:<\/strong> Every Wants to be Warhol.<br \/>\n<strong>Medidas:<\/strong> A4.<br \/>\n<strong>T\u00e9cnica:<\/strong> Spray sobre Papel.<br \/>\n<strong>A\u00f1o:<\/strong> 2015.<\/p>\n<hr \/>\n<p><img loading=\"lazy\" class=\"aligncenter size-full wp-image-257\" src=\"http:\/\/www.robertoguillen.com\/wp-content\/uploads\/2016\/09\/Every-Mural-baja.jpg\" alt=\"every-mural-baja\" width=\"1500\" height=\"850\" srcset=\"http:\/\/www.robertoguillen.com\/wp-content\/uploads\/2016\/09\/Every-Mural-baja.jpg 1500w, http:\/\/www.robertoguillen.com\/wp-content\/uploads\/2016\/09\/Every-Mural-baja-300x170.jpg 300w, http:\/\/www.robertoguillen.com\/wp-content\/uploads\/2016\/09\/Every-Mural-baja-768x435.jpg 768w, http:\/\/www.robertoguillen.com\/wp-content\/uploads\/2016\/09\/Every-Mural-baja-1024x580.jpg 1024w\" sizes=\"(max-width: 1500px) 100vw, 1500px\" \/><\/p>\n","protected":false},"excerpt":{"rendered":"<p>T\u00edtulo: Every Wants to be Warhol. Medidas: A4. T\u00e9cnica: Spray sobre Papel. A\u00f1o: 2015.<\/p>\n","protected":false},"author":1,"featured_media":0,"parent":0,"menu_order":0,"comment_status":"closed","ping_status":"closed","template":"","meta":[],"_links":{"self":[{"href":"http:\/\/www.robertoguillen.com\/index.php?rest_route=\/wp\/v2\/pages\/256"}],"collection":[{"href":"http:\/\/www.robertoguillen.com\/index.php?rest_route=\/wp\/v2\/pages"}],"about":[{"href":"http:\/\/www.robertoguillen.com\/index.php?rest_route=\/wp\/v2\/types\/page"}],"author":[{"embeddable":true,"href":"http:\/\/www.robertoguillen.com\/index.php?rest_route=\/wp\/v2\/users\/1"}],"replies":[{"embeddable":true,"href":"http:\/\/www.robertoguillen.com\/index.php?rest_route=%2Fwp%2Fv2%2Fcomments&post=256"}],"version-history":[{"count":2,"href":"http:\/\/www.robertoguillen.com\/index.php?rest_route=\/wp\/v2\/pages\/256\/revisions"}],"predecessor-version":[{"id":268,"href":"http:\/\/www.robertoguillen.com\/index.php?rest_route=\/wp\/v2\/pages\/256\/revisions\/268"}],"wp:attachment":[{"href":"http:\/\/www.robertoguillen.com\/index.php?rest_route=%2Fwp%2Fv2%2Fmedia&parent=256"}],"curies":[{"name":"wp","href":"https:\/\/api.w.org\/{rel}","templated":true}]}}