{"id":243,"date":"2016-09-24T14:54:26","date_gmt":"2016-09-24T14:54:26","guid":{"rendered":"http:\/\/www.robertoguillen.com\/?page_id=243"},"modified":"2017-10-27T16:11:22","modified_gmt":"2017-10-27T16:11:22","slug":"dilute-mickey","status":"publish","type":"page","link":"http:\/\/www.robertoguillen.com\/?page_id=243","title":{"rendered":"Dilute Mickey."},"content":{"rendered":"<p><strong>T\u00edtulo:<\/strong> Dilute Mickey.<br \/>\n<strong>Medidas:<\/strong> A4.<br \/>\n<strong>T\u00e9cnica:<\/strong> Spray sobre Papel.<br \/>\n<strong>A\u00f1o:<\/strong> 2015.<\/p>\n<p>El Icono del rat\u00f3n es un tema recurrente en mi producci\u00f3n. En esta ocasi\u00f3n la imagen \u00abfresca y risue\u00f1a\u00bb que pretende evocar el rat\u00f3n, es destruida mediante su disoluci\u00f3n, creando un juego entre sue\u00f1o(icono) y muerte(diluci\u00f3n) que nos lleva directamente a pensar en la mediocridad.<\/p>\n<hr \/>\n<p><img loading=\"lazy\" class=\"aligncenter size-full wp-image-244\" src=\"http:\/\/www.robertoguillen.com\/wp-content\/uploads\/2016\/09\/Dilutes-Mural-baja.jpg\" alt=\"dilutes-mural-baja\" width=\"1500\" height=\"850\" srcset=\"http:\/\/www.robertoguillen.com\/wp-content\/uploads\/2016\/09\/Dilutes-Mural-baja.jpg 1500w, http:\/\/www.robertoguillen.com\/wp-content\/uploads\/2016\/09\/Dilutes-Mural-baja-300x170.jpg 300w, http:\/\/www.robertoguillen.com\/wp-content\/uploads\/2016\/09\/Dilutes-Mural-baja-768x435.jpg 768w, http:\/\/www.robertoguillen.com\/wp-content\/uploads\/2016\/09\/Dilutes-Mural-baja-1024x580.jpg 1024w\" sizes=\"(max-width: 1500px) 100vw, 1500px\" \/><\/p>\n","protected":false},"excerpt":{"rendered":"<p>T\u00edtulo: Dilute Mickey. Medidas: A4. T\u00e9cnica: Spray sobre Papel. A\u00f1o: 2015. El Icono del rat\u00f3n es un tema recurrente en mi producci\u00f3n. En esta ocasi\u00f3n la imagen \u00abfresca y risue\u00f1a\u00bb que pretende evocar el rat\u00f3n, es destruida mediante su disoluci\u00f3n, creando un juego entre sue\u00f1o(icono) y muerte(diluci\u00f3n) que nos lleva directamente a pensar en la&hellip; <a class=\"more-link\" href=\"http:\/\/www.robertoguillen.com\/?page_id=243\">Seguir leyendo <span class=\"screen-reader-text\">Dilute Mickey.<\/span><\/a><\/p>\n","protected":false},"author":1,"featured_media":0,"parent":0,"menu_order":0,"comment_status":"closed","ping_status":"closed","template":"","meta":[],"_links":{"self":[{"href":"http:\/\/www.robertoguillen.com\/index.php?rest_route=\/wp\/v2\/pages\/243"}],"collection":[{"href":"http:\/\/www.robertoguillen.com\/index.php?rest_route=\/wp\/v2\/pages"}],"about":[{"href":"http:\/\/www.robertoguillen.com\/index.php?rest_route=\/wp\/v2\/types\/page"}],"author":[{"embeddable":true,"href":"http:\/\/www.robertoguillen.com\/index.php?rest_route=\/wp\/v2\/users\/1"}],"replies":[{"embeddable":true,"href":"http:\/\/www.robertoguillen.com\/index.php?rest_route=%2Fwp%2Fv2%2Fcomments&post=243"}],"version-history":[{"count":5,"href":"http:\/\/www.robertoguillen.com\/index.php?rest_route=\/wp\/v2\/pages\/243\/revisions"}],"predecessor-version":[{"id":378,"href":"http:\/\/www.robertoguillen.com\/index.php?rest_route=\/wp\/v2\/pages\/243\/revisions\/378"}],"wp:attachment":[{"href":"http:\/\/www.robertoguillen.com\/index.php?rest_route=%2Fwp%2Fv2%2Fmedia&parent=243"}],"curies":[{"name":"wp","href":"https:\/\/api.w.org\/{rel}","templated":true}]}}