{"id":238,"date":"2016-09-10T14:33:21","date_gmt":"2016-09-10T14:33:21","guid":{"rendered":"http:\/\/www.robertoguillen.com\/?page_id=238"},"modified":"2016-09-10T14:33:21","modified_gmt":"2016-09-10T14:33:21","slug":"geometria-seis","status":"publish","type":"page","link":"http:\/\/www.robertoguillen.com\/?page_id=238","title":{"rendered":"Geometr\u00eda. Seis."},"content":{"rendered":"<p><strong>T\u00edtulo:<\/strong> Geometr\u00eda. Seis.<br \/>\n<strong>Medidas:<\/strong> 100&#215;70.<br \/>\n<strong>T\u00e9cnica:<\/strong> L\u00e1piz y Tinta sobre Papel.<br \/>\n<strong>A\u00f1o:<\/strong> 2016.<\/p>\n<p>Creaci\u00f3n de formas geom\u00e9tricas aleatorias. Cuantificando, l\u00edneas, pol\u00edgonos y colores.<\/p>\n<p><img loading=\"lazy\" class=\"aligncenter size-full wp-image-239\" src=\"http:\/\/www.robertoguillen.com\/wp-content\/uploads\/2016\/09\/Geometr\u00eda.-Seis.-100x70.-2016-Sin-Cartela.jpg\" alt=\"geometria-seis-100x70-2016-sin-cartela\" width=\"4288\" height=\"2848\" srcset=\"http:\/\/www.robertoguillen.com\/wp-content\/uploads\/2016\/09\/Geometr\u00eda.-Seis.-100x70.-2016-Sin-Cartela.jpg 4288w, http:\/\/www.robertoguillen.com\/wp-content\/uploads\/2016\/09\/Geometr\u00eda.-Seis.-100x70.-2016-Sin-Cartela-300x199.jpg 300w, http:\/\/www.robertoguillen.com\/wp-content\/uploads\/2016\/09\/Geometr\u00eda.-Seis.-100x70.-2016-Sin-Cartela-768x510.jpg 768w, http:\/\/www.robertoguillen.com\/wp-content\/uploads\/2016\/09\/Geometr\u00eda.-Seis.-100x70.-2016-Sin-Cartela-1024x680.jpg 1024w\" sizes=\"(max-width: 4288px) 100vw, 4288px\" \/><\/p>\n","protected":false},"excerpt":{"rendered":"<p>T\u00edtulo: Geometr\u00eda. Seis. Medidas: 100&#215;70. T\u00e9cnica: L\u00e1piz y Tinta sobre Papel. A\u00f1o: 2016. Creaci\u00f3n de formas geom\u00e9tricas aleatorias. Cuantificando, l\u00edneas, pol\u00edgonos y colores.<\/p>\n","protected":false},"author":1,"featured_media":0,"parent":0,"menu_order":0,"comment_status":"closed","ping_status":"closed","template":"","meta":[],"_links":{"self":[{"href":"http:\/\/www.robertoguillen.com\/index.php?rest_route=\/wp\/v2\/pages\/238"}],"collection":[{"href":"http:\/\/www.robertoguillen.com\/index.php?rest_route=\/wp\/v2\/pages"}],"about":[{"href":"http:\/\/www.robertoguillen.com\/index.php?rest_route=\/wp\/v2\/types\/page"}],"author":[{"embeddable":true,"href":"http:\/\/www.robertoguillen.com\/index.php?rest_route=\/wp\/v2\/users\/1"}],"replies":[{"embeddable":true,"href":"http:\/\/www.robertoguillen.com\/index.php?rest_route=%2Fwp%2Fv2%2Fcomments&post=238"}],"version-history":[{"count":1,"href":"http:\/\/www.robertoguillen.com\/index.php?rest_route=\/wp\/v2\/pages\/238\/revisions"}],"predecessor-version":[{"id":240,"href":"http:\/\/www.robertoguillen.com\/index.php?rest_route=\/wp\/v2\/pages\/238\/revisions\/240"}],"wp:attachment":[{"href":"http:\/\/www.robertoguillen.com\/index.php?rest_route=%2Fwp%2Fv2%2Fmedia&parent=238"}],"curies":[{"name":"wp","href":"https:\/\/api.w.org\/{rel}","templated":true}]}}