{"id":232,"date":"2016-09-10T13:37:37","date_gmt":"2016-09-10T13:37:37","guid":{"rendered":"http:\/\/www.robertoguillen.com\/?page_id=232"},"modified":"2016-09-10T13:37:37","modified_gmt":"2016-09-10T13:37:37","slug":"437-formas-parecidas-a-un-raton","status":"publish","type":"page","link":"http:\/\/www.robertoguillen.com\/?page_id=232","title":{"rendered":"437 Formas Parecidas a un Rat\u00f3n."},"content":{"rendered":"<p><strong>T\u00edtulo:<\/strong> 437 Formas Parecidas a un Rat\u00f3n.<br \/>\n<strong>Medidas:<\/strong> 200 x 150.<br \/>\n<strong>T\u00e9cnica:<\/strong> Spray sobre Tela.<br \/>\n<strong>A\u00f1o:<\/strong> 2016.<\/p>\n<p><img loading=\"lazy\" class=\"aligncenter size-full wp-image-233\" src=\"http:\/\/www.robertoguillen.com\/wp-content\/uploads\/2016\/09\/437-Formas-Parecidas-a-un-Rat\u00f3n-200x150-2016-sin-cartela.jpg\" alt=\"437-formas-parecidas-a-un-raton-200x150-2016-sin-cartela\" width=\"4288\" height=\"2848\" srcset=\"http:\/\/www.robertoguillen.com\/wp-content\/uploads\/2016\/09\/437-Formas-Parecidas-a-un-Rat\u00f3n-200x150-2016-sin-cartela.jpg 4288w, http:\/\/www.robertoguillen.com\/wp-content\/uploads\/2016\/09\/437-Formas-Parecidas-a-un-Rat\u00f3n-200x150-2016-sin-cartela-300x199.jpg 300w, http:\/\/www.robertoguillen.com\/wp-content\/uploads\/2016\/09\/437-Formas-Parecidas-a-un-Rat\u00f3n-200x150-2016-sin-cartela-768x510.jpg 768w, http:\/\/www.robertoguillen.com\/wp-content\/uploads\/2016\/09\/437-Formas-Parecidas-a-un-Rat\u00f3n-200x150-2016-sin-cartela-1024x680.jpg 1024w\" sizes=\"(max-width: 4288px) 100vw, 4288px\" \/><\/p>\n","protected":false},"excerpt":{"rendered":"<p>T\u00edtulo: 437 Formas Parecidas a un Rat\u00f3n. Medidas: 200 x 150. T\u00e9cnica: Spray sobre Tela. A\u00f1o: 2016.<\/p>\n","protected":false},"author":1,"featured_media":0,"parent":0,"menu_order":0,"comment_status":"closed","ping_status":"closed","template":"","meta":[],"_links":{"self":[{"href":"http:\/\/www.robertoguillen.com\/index.php?rest_route=\/wp\/v2\/pages\/232"}],"collection":[{"href":"http:\/\/www.robertoguillen.com\/index.php?rest_route=\/wp\/v2\/pages"}],"about":[{"href":"http:\/\/www.robertoguillen.com\/index.php?rest_route=\/wp\/v2\/types\/page"}],"author":[{"embeddable":true,"href":"http:\/\/www.robertoguillen.com\/index.php?rest_route=\/wp\/v2\/users\/1"}],"replies":[{"embeddable":true,"href":"http:\/\/www.robertoguillen.com\/index.php?rest_route=%2Fwp%2Fv2%2Fcomments&post=232"}],"version-history":[{"count":1,"href":"http:\/\/www.robertoguillen.com\/index.php?rest_route=\/wp\/v2\/pages\/232\/revisions"}],"predecessor-version":[{"id":234,"href":"http:\/\/www.robertoguillen.com\/index.php?rest_route=\/wp\/v2\/pages\/232\/revisions\/234"}],"wp:attachment":[{"href":"http:\/\/www.robertoguillen.com\/index.php?rest_route=%2Fwp%2Fv2%2Fmedia&parent=232"}],"curies":[{"name":"wp","href":"https:\/\/api.w.org\/{rel}","templated":true}]}}