{"id":186,"date":"2016-08-31T12:41:54","date_gmt":"2016-08-31T12:41:54","guid":{"rendered":"http:\/\/www.robertoguillen.com\/?page_id=186"},"modified":"2018-07-01T18:39:01","modified_gmt":"2018-07-01T18:39:01","slug":"abstraccion","status":"publish","type":"page","link":"http:\/\/www.robertoguillen.com\/?page_id=186","title":{"rendered":"2017"},"content":{"rendered":"<hr \/>\n<p><img loading=\"lazy\" class=\"aligncenter size-full wp-image-407\" src=\"http:\/\/www.robertoguillen.com\/wp-content\/uploads\/2016\/08\/ElBesoDeJudas_110x120_2017_SinCartela.jpg\" alt=\"\" width=\"1200\" height=\"1210\" srcset=\"http:\/\/www.robertoguillen.com\/wp-content\/uploads\/2016\/08\/ElBesoDeJudas_110x120_2017_SinCartela.jpg 1200w, http:\/\/www.robertoguillen.com\/wp-content\/uploads\/2016\/08\/ElBesoDeJudas_110x120_2017_SinCartela-150x150.jpg 150w, http:\/\/www.robertoguillen.com\/wp-content\/uploads\/2016\/08\/ElBesoDeJudas_110x120_2017_SinCartela-298x300.jpg 298w, http:\/\/www.robertoguillen.com\/wp-content\/uploads\/2016\/08\/ElBesoDeJudas_110x120_2017_SinCartela-768x774.jpg 768w, http:\/\/www.robertoguillen.com\/wp-content\/uploads\/2016\/08\/ElBesoDeJudas_110x120_2017_SinCartela-1016x1024.jpg 1016w\" sizes=\"(max-width: 1200px) 100vw, 1200px\" \/><\/p>\n<p style=\"text-align: center;\"><strong>T\u00edtulo:<\/strong> El Beso de Judas.<br \/>\n<strong>Medidas:<\/strong> 110&#215;120.<br \/>\n<strong>T\u00e9cnica: <\/strong>Acr\u00edlico y Spray sobre Tela.<br \/>\n<strong>A\u00f1o:<\/strong> 2017.<\/p>\n<hr \/>\n<p><img loading=\"lazy\" class=\"aligncenter size-full wp-image-406\" src=\"http:\/\/www.robertoguillen.com\/wp-content\/uploads\/2016\/08\/RETORNO-Story-Of-My-Life-100x70-2017-SIN-CARTELA.jpg\" alt=\"\" width=\"888\" height=\"1200\" srcset=\"http:\/\/www.robertoguillen.com\/wp-content\/uploads\/2016\/08\/RETORNO-Story-Of-My-Life-100x70-2017-SIN-CARTELA.jpg 888w, http:\/\/www.robertoguillen.com\/wp-content\/uploads\/2016\/08\/RETORNO-Story-Of-My-Life-100x70-2017-SIN-CARTELA-222x300.jpg 222w, http:\/\/www.robertoguillen.com\/wp-content\/uploads\/2016\/08\/RETORNO-Story-Of-My-Life-100x70-2017-SIN-CARTELA-768x1038.jpg 768w, http:\/\/www.robertoguillen.com\/wp-content\/uploads\/2016\/08\/RETORNO-Story-Of-My-Life-100x70-2017-SIN-CARTELA-758x1024.jpg 758w\" sizes=\"(max-width: 888px) 100vw, 888px\" \/><\/p>\n<p style=\"text-align: center;\"><strong>T\u00edtulo:<\/strong> Retorno (Story Of My Life).<br \/>\n<strong>Medidas:<\/strong> 100&#215;70.<br \/>\n<strong>T\u00e9cnica: <\/strong>Acr\u00edlico y Spray sobre Tela.<br \/>\n<strong>A\u00f1o:<\/strong> 2017.<\/p>\n<hr \/>\n<p><img loading=\"lazy\" class=\"aligncenter size-full wp-image-405\" src=\"http:\/\/www.robertoguillen.com\/wp-content\/uploads\/2016\/08\/Opiate-50x50-Spray-on-Canvas-2017-300.jpg\" alt=\"\" width=\"1200\" height=\"1200\" srcset=\"http:\/\/www.robertoguillen.com\/wp-content\/uploads\/2016\/08\/Opiate-50x50-Spray-on-Canvas-2017-300.jpg 1200w, http:\/\/www.robertoguillen.com\/wp-content\/uploads\/2016\/08\/Opiate-50x50-Spray-on-Canvas-2017-300-150x150.jpg 150w, http:\/\/www.robertoguillen.com\/wp-content\/uploads\/2016\/08\/Opiate-50x50-Spray-on-Canvas-2017-300-300x300.jpg 300w, http:\/\/www.robertoguillen.com\/wp-content\/uploads\/2016\/08\/Opiate-50x50-Spray-on-Canvas-2017-300-768x768.jpg 768w, http:\/\/www.robertoguillen.com\/wp-content\/uploads\/2016\/08\/Opiate-50x50-Spray-on-Canvas-2017-300-1024x1024.jpg 1024w\" sizes=\"(max-width: 1200px) 100vw, 1200px\" \/><\/p>\n<p style=\"text-align: center;\"><strong>T\u00edtulo:<\/strong> Opiate.<br \/>\n<strong>Medidas:<\/strong> 50&#215;50.<br \/>\n<strong>T\u00e9cnica: <\/strong>Spray sobre Madera.<br \/>\n<strong>A\u00f1o:<\/strong> 2017.<\/p>\n<hr \/>\n","protected":false},"excerpt":{"rendered":"<p>T\u00edtulo: El Beso de Judas. Medidas: 110&#215;120. T\u00e9cnica: Acr\u00edlico y Spray sobre Tela. A\u00f1o: 2017. T\u00edtulo: Retorno (Story Of My Life). Medidas: 100&#215;70. T\u00e9cnica: Acr\u00edlico y Spray sobre Tela. A\u00f1o: 2017. T\u00edtulo: Opiate. Medidas: 50&#215;50. T\u00e9cnica: Spray sobre Madera. A\u00f1o: 2017.<\/p>\n","protected":false},"author":1,"featured_media":0,"parent":0,"menu_order":0,"comment_status":"closed","ping_status":"closed","template":"","meta":[],"_links":{"self":[{"href":"http:\/\/www.robertoguillen.com\/index.php?rest_route=\/wp\/v2\/pages\/186"}],"collection":[{"href":"http:\/\/www.robertoguillen.com\/index.php?rest_route=\/wp\/v2\/pages"}],"about":[{"href":"http:\/\/www.robertoguillen.com\/index.php?rest_route=\/wp\/v2\/types\/page"}],"author":[{"embeddable":true,"href":"http:\/\/www.robertoguillen.com\/index.php?rest_route=\/wp\/v2\/users\/1"}],"replies":[{"embeddable":true,"href":"http:\/\/www.robertoguillen.com\/index.php?rest_route=%2Fwp%2Fv2%2Fcomments&post=186"}],"version-history":[{"count":13,"href":"http:\/\/www.robertoguillen.com\/index.php?rest_route=\/wp\/v2\/pages\/186\/revisions"}],"predecessor-version":[{"id":657,"href":"http:\/\/www.robertoguillen.com\/index.php?rest_route=\/wp\/v2\/pages\/186\/revisions\/657"}],"wp:attachment":[{"href":"http:\/\/www.robertoguillen.com\/index.php?rest_route=%2Fwp%2Fv2%2Fmedia&parent=186"}],"curies":[{"name":"wp","href":"https:\/\/api.w.org\/{rel}","templated":true}]}}