{"id":175,"date":"2016-08-26T12:17:05","date_gmt":"2016-08-26T12:17:05","guid":{"rendered":"http:\/\/www.robertoguillen.com\/?page_id=175"},"modified":"2016-10-23T14:06:42","modified_gmt":"2016-10-23T14:06:42","slug":"unfinished-sympathy-combinaciones-2015","status":"publish","type":"page","link":"http:\/\/www.robertoguillen.com\/?page_id=175","title":{"rendered":"Unfinished Sympathy (Combinaciones 2015)"},"content":{"rendered":"<p><strong>T\u00edtulo:<\/strong> Unfinished Sympathy (combinaciones 2015).<br \/>\n<strong>Medidas:<\/strong> Instalaci\u00f3n. Medidas Variables. 2 L\u00e1minas de 70 x 50 y 2 L\u00e1minas de 40 x 30.<br \/>\n<strong>T\u00e9cnica:<\/strong> Tinta sobre Papel y papel de Peri\u00f3dico.<br \/>\n<strong>A\u00f1o:<\/strong> 2016.<\/p>\n<p>Registro y apunte de los n\u00fameros correspondientes al sorteo de la Loter\u00eda de Navidad del a\u00f1o 2015. Asignando cada vez un color (de caja de rotuladores para ni\u00f1os Stabilo comprada en una gran superficie) a cada n\u00famero creando un mapa crom\u00e1tico del azar.<\/p>\n<p>&nbsp;<\/p>\n<p>-Obra seleccionada para la IV Convocatoria MARDEL de PINTURA. Expuesta en valencia.<\/p>\n<p style=\"text-align: center;\">.Unfinished Sympathy #1.<img loading=\"lazy\" class=\"wp-image-176 size-full aligncenter\" src=\"http:\/\/www.robertoguillen.com\/wp-content\/uploads\/2016\/08\/Unfinished-Sympathy-1-50x70-2016-.jpg\" alt=\"Unfinished Sympathy #1 50x70 2016\" width=\"1200\" height=\"1806\" srcset=\"http:\/\/www.robertoguillen.com\/wp-content\/uploads\/2016\/08\/Unfinished-Sympathy-1-50x70-2016-.jpg 1200w, http:\/\/www.robertoguillen.com\/wp-content\/uploads\/2016\/08\/Unfinished-Sympathy-1-50x70-2016--199x300.jpg 199w, http:\/\/www.robertoguillen.com\/wp-content\/uploads\/2016\/08\/Unfinished-Sympathy-1-50x70-2016--768x1156.jpg 768w, http:\/\/www.robertoguillen.com\/wp-content\/uploads\/2016\/08\/Unfinished-Sympathy-1-50x70-2016--680x1024.jpg 680w\" sizes=\"(max-width: 1200px) 100vw, 1200px\" \/><\/p>\n<hr \/>\n<p style=\"text-align: center;\">.Unfinished Sympathy #2.<img loading=\"lazy\" class=\"aligncenter size-full wp-image-177\" src=\"http:\/\/www.robertoguillen.com\/wp-content\/uploads\/2016\/08\/Unfinished-Sympathy-2-50x70-2016-.jpg\" alt=\"Unfinished Sympathy #2 50x70 2016\" width=\"1200\" height=\"1806\" srcset=\"http:\/\/www.robertoguillen.com\/wp-content\/uploads\/2016\/08\/Unfinished-Sympathy-2-50x70-2016-.jpg 1200w, http:\/\/www.robertoguillen.com\/wp-content\/uploads\/2016\/08\/Unfinished-Sympathy-2-50x70-2016--199x300.jpg 199w, http:\/\/www.robertoguillen.com\/wp-content\/uploads\/2016\/08\/Unfinished-Sympathy-2-50x70-2016--768x1156.jpg 768w, http:\/\/www.robertoguillen.com\/wp-content\/uploads\/2016\/08\/Unfinished-Sympathy-2-50x70-2016--680x1024.jpg 680w\" sizes=\"(max-width: 1200px) 100vw, 1200px\" \/><\/p>\n<hr \/>\n<p style=\"text-align: center;\">.Unfinished Sympathy. Detalle.<img loading=\"lazy\" class=\"aligncenter size-full wp-image-178\" src=\"http:\/\/www.robertoguillen.com\/wp-content\/uploads\/2016\/08\/Unfinished-Sympathy-Detalle.jpg\" alt=\"Unfinished Sympathy Detalle\" width=\"1200\" height=\"1806\" srcset=\"http:\/\/www.robertoguillen.com\/wp-content\/uploads\/2016\/08\/Unfinished-Sympathy-Detalle.jpg 1200w, http:\/\/www.robertoguillen.com\/wp-content\/uploads\/2016\/08\/Unfinished-Sympathy-Detalle-199x300.jpg 199w, http:\/\/www.robertoguillen.com\/wp-content\/uploads\/2016\/08\/Unfinished-Sympathy-Detalle-768x1156.jpg 768w, http:\/\/www.robertoguillen.com\/wp-content\/uploads\/2016\/08\/Unfinished-Sympathy-Detalle-680x1024.jpg 680w\" sizes=\"(max-width: 1200px) 100vw, 1200px\" \/><\/p>\n<hr \/>\n<p style=\"text-align: center;\">.Unfinished Sympathy Registro#1.<img loading=\"lazy\" class=\"aligncenter size-full wp-image-179\" src=\"http:\/\/www.robertoguillen.com\/wp-content\/uploads\/2016\/08\/Unfinished-Sympathy-Registro1.jpg\" alt=\"Unfinished Sympathy #Registro1\" width=\"800\" height=\"1204\" srcset=\"http:\/\/www.robertoguillen.com\/wp-content\/uploads\/2016\/08\/Unfinished-Sympathy-Registro1.jpg 800w, http:\/\/www.robertoguillen.com\/wp-content\/uploads\/2016\/08\/Unfinished-Sympathy-Registro1-199x300.jpg 199w, http:\/\/www.robertoguillen.com\/wp-content\/uploads\/2016\/08\/Unfinished-Sympathy-Registro1-768x1156.jpg 768w, http:\/\/www.robertoguillen.com\/wp-content\/uploads\/2016\/08\/Unfinished-Sympathy-Registro1-680x1024.jpg 680w\" sizes=\"(max-width: 800px) 100vw, 800px\" \/><\/p>\n<hr \/>\n<p>&nbsp;<\/p>\n<p style=\"text-align: center;\">.Unfinished Sympathy Registro#2.<img loading=\"lazy\" class=\"aligncenter size-full wp-image-180\" src=\"http:\/\/www.robertoguillen.com\/wp-content\/uploads\/2016\/08\/Unfinished-Sympathy-Registro2.jpg\" alt=\"Unfinished Sympathy #Registro2\" width=\"800\" height=\"1204\" srcset=\"http:\/\/www.robertoguillen.com\/wp-content\/uploads\/2016\/08\/Unfinished-Sympathy-Registro2.jpg 800w, http:\/\/www.robertoguillen.com\/wp-content\/uploads\/2016\/08\/Unfinished-Sympathy-Registro2-199x300.jpg 199w, http:\/\/www.robertoguillen.com\/wp-content\/uploads\/2016\/08\/Unfinished-Sympathy-Registro2-768x1156.jpg 768w, http:\/\/www.robertoguillen.com\/wp-content\/uploads\/2016\/08\/Unfinished-Sympathy-Registro2-680x1024.jpg 680w\" sizes=\"(max-width: 800px) 100vw, 800px\" \/><\/p>\n<hr \/>\n<p>&nbsp;<\/p>\n<p style=\"text-align: center;\">.Unfinished Sympathy.\u00a0 Exposici\u00f3n en MARDEL.<\/p>\n<p style=\"text-align: center;\"><img loading=\"lazy\" class=\"aligncenter size-full wp-image-281\" src=\"http:\/\/www.robertoguillen.com\/wp-content\/uploads\/2016\/08\/Unfinished-Sympathy-EXPO-MARDEL-003.jpg\" alt=\"unfinished-sympathy-expo-mardel-003\" width=\"4288\" height=\"2848\" srcset=\"http:\/\/www.robertoguillen.com\/wp-content\/uploads\/2016\/08\/Unfinished-Sympathy-EXPO-MARDEL-003.jpg 4288w, http:\/\/www.robertoguillen.com\/wp-content\/uploads\/2016\/08\/Unfinished-Sympathy-EXPO-MARDEL-003-300x199.jpg 300w, http:\/\/www.robertoguillen.com\/wp-content\/uploads\/2016\/08\/Unfinished-Sympathy-EXPO-MARDEL-003-768x510.jpg 768w, http:\/\/www.robertoguillen.com\/wp-content\/uploads\/2016\/08\/Unfinished-Sympathy-EXPO-MARDEL-003-1024x680.jpg 1024w\" sizes=\"(max-width: 4288px) 100vw, 4288px\" \/><\/p>\n<p style=\"text-align: center;\"><img loading=\"lazy\" class=\"aligncenter size-full wp-image-279\" src=\"http:\/\/www.robertoguillen.com\/wp-content\/uploads\/2016\/08\/Unfinished-Sympathy-EXPO-MARDEL-002.jpg\" alt=\"unfinished-sympathy-expo-mardel-002\" width=\"4288\" height=\"2848\" srcset=\"http:\/\/www.robertoguillen.com\/wp-content\/uploads\/2016\/08\/Unfinished-Sympathy-EXPO-MARDEL-002.jpg 4288w, http:\/\/www.robertoguillen.com\/wp-content\/uploads\/2016\/08\/Unfinished-Sympathy-EXPO-MARDEL-002-300x199.jpg 300w, http:\/\/www.robertoguillen.com\/wp-content\/uploads\/2016\/08\/Unfinished-Sympathy-EXPO-MARDEL-002-768x510.jpg 768w, http:\/\/www.robertoguillen.com\/wp-content\/uploads\/2016\/08\/Unfinished-Sympathy-EXPO-MARDEL-002-1024x680.jpg 1024w\" sizes=\"(max-width: 4288px) 100vw, 4288px\" \/> <img loading=\"lazy\" class=\"aligncenter size-full wp-image-280\" src=\"http:\/\/www.robertoguillen.com\/wp-content\/uploads\/2016\/08\/Unfinished-Sympathy-EXPO-MARDEL.jpg\" alt=\"unfinished-sympathy-expo-mardel\" width=\"4288\" height=\"2848\" srcset=\"http:\/\/www.robertoguillen.com\/wp-content\/uploads\/2016\/08\/Unfinished-Sympathy-EXPO-MARDEL.jpg 4288w, http:\/\/www.robertoguillen.com\/wp-content\/uploads\/2016\/08\/Unfinished-Sympathy-EXPO-MARDEL-300x199.jpg 300w, http:\/\/www.robertoguillen.com\/wp-content\/uploads\/2016\/08\/Unfinished-Sympathy-EXPO-MARDEL-768x510.jpg 768w, http:\/\/www.robertoguillen.com\/wp-content\/uploads\/2016\/08\/Unfinished-Sympathy-EXPO-MARDEL-1024x680.jpg 1024w\" sizes=\"(max-width: 4288px) 100vw, 4288px\" \/><\/p>\n","protected":false},"excerpt":{"rendered":"<p>T\u00edtulo: Unfinished Sympathy (combinaciones 2015). Medidas: Instalaci\u00f3n. Medidas Variables. 2 L\u00e1minas de 70 x 50 y 2 L\u00e1minas de 40 x 30. T\u00e9cnica: Tinta sobre Papel y papel de Peri\u00f3dico. A\u00f1o: 2016. Registro y apunte de los n\u00fameros correspondientes al sorteo de la Loter\u00eda de Navidad del a\u00f1o 2015. Asignando cada vez un color (de&hellip; <a class=\"more-link\" href=\"http:\/\/www.robertoguillen.com\/?page_id=175\">Seguir leyendo <span class=\"screen-reader-text\">Unfinished Sympathy (Combinaciones 2015)<\/span><\/a><\/p>\n","protected":false},"author":1,"featured_media":0,"parent":0,"menu_order":0,"comment_status":"closed","ping_status":"closed","template":"","meta":[],"_links":{"self":[{"href":"http:\/\/www.robertoguillen.com\/index.php?rest_route=\/wp\/v2\/pages\/175"}],"collection":[{"href":"http:\/\/www.robertoguillen.com\/index.php?rest_route=\/wp\/v2\/pages"}],"about":[{"href":"http:\/\/www.robertoguillen.com\/index.php?rest_route=\/wp\/v2\/types\/page"}],"author":[{"embeddable":true,"href":"http:\/\/www.robertoguillen.com\/index.php?rest_route=\/wp\/v2\/users\/1"}],"replies":[{"embeddable":true,"href":"http:\/\/www.robertoguillen.com\/index.php?rest_route=%2Fwp%2Fv2%2Fcomments&post=175"}],"version-history":[{"count":5,"href":"http:\/\/www.robertoguillen.com\/index.php?rest_route=\/wp\/v2\/pages\/175\/revisions"}],"predecessor-version":[{"id":282,"href":"http:\/\/www.robertoguillen.com\/index.php?rest_route=\/wp\/v2\/pages\/175\/revisions\/282"}],"wp:attachment":[{"href":"http:\/\/www.robertoguillen.com\/index.php?rest_route=%2Fwp%2Fv2%2Fmedia&parent=175"}],"curies":[{"name":"wp","href":"https:\/\/api.w.org\/{rel}","templated":true}]}}