{"id":168,"date":"2016-07-27T20:13:51","date_gmt":"2016-07-27T20:13:51","guid":{"rendered":"http:\/\/www.robertoguillen.com\/?page_id=168"},"modified":"2016-07-27T20:15:52","modified_gmt":"2016-07-27T20:15:52","slug":"agujero-negro","status":"publish","type":"page","link":"http:\/\/www.robertoguillen.com\/?page_id=168","title":{"rendered":"Agujero Negro."},"content":{"rendered":"<p>S\u00f3lo recuerdo aquel peque\u00f1o sonido antes de todo. Un peque\u00f1o \u201cclick\u201d tras el que s\u00f3lo hubo vac\u00edo. Cre\u00eda que estaba bien acoplado pero, sin que pudiera hacer nada, me separ\u00e9 del m\u00f3dulo espacial de exploraci\u00f3n. Intent\u00e9 agarrame a cualquier estructura de la nave, pero la atracci\u00f3n en seguida comenz\u00f3 a absorverme. Est\u00e1bamos estudiando las propiedades del IC10X-1. El gran Agujero Negro. Monstruoso. Oscuro. Sin poder hacer nada, sin ayuda, no tuve m\u00e1s remedio que dejarme llevar. Sab\u00eda que estaba a punto de morir. Me iba a convertir en el primer astronauta en ser engullido por una \u201cmasa\u201d en otra galaxia. No estaba preparado para esto. S\u00f3lo era capaz de ver extra\u00f1as emanaciones de luz anaranjada. El resto era negro. A trav\u00e9s del traje, notaba el fr\u00edo de la oscuridad. De la muerte. Los ojos se me empezaron a llenar de l\u00e1grimas. Los cerr\u00e9 y me acord\u00e9 de ella. Mi mujer. Esper\u00e1ndome en casa. Tan lejos. Tan cerca. De repente, empec\u00e9 a temblar incontrolablemente. Estaba ocurriendo. Iba a morir. Lo sab\u00eda. Me convertir\u00eda en pasto negro. Era el fin. Y nadie te prepara para esto. Cerr\u00e9 los p\u00e1rpados, las muelas me dol\u00edan de apretar, todo vibraba a mi alrededor, sin parar. Hasta que todo termin\u00f3. Repentinamente. Y volvi\u00f3 la tranquilidad. \u00bfHabr\u00eda muerto? Ten\u00eda que descubrirlo. Abr\u00ed los ojos y la claridad me ceg\u00f3. Cuando recuper\u00e9 la visi\u00f3n me desmay\u00e9 tras ver su cara. Estaba en mi casa. Junto a ella. Hab\u00eda vuelto.<\/p>\n<p align=\"RIGHT\">Agujero Negro.<\/p>\n<p style=\"text-align: right;\">Fin.<\/p>\n<p>Roberto Guill\u00e9n.<\/p>\n","protected":false},"excerpt":{"rendered":"<p>S\u00f3lo recuerdo aquel peque\u00f1o sonido antes de todo. Un peque\u00f1o \u201cclick\u201d tras el que s\u00f3lo hubo vac\u00edo. Cre\u00eda que estaba bien acoplado pero, sin que pudiera hacer nada, me separ\u00e9 del m\u00f3dulo espacial de exploraci\u00f3n. Intent\u00e9 agarrame a cualquier estructura de la nave, pero la atracci\u00f3n en seguida comenz\u00f3 a absorverme. Est\u00e1bamos estudiando las propiedades&hellip; <a class=\"more-link\" href=\"http:\/\/www.robertoguillen.com\/?page_id=168\">Seguir leyendo <span class=\"screen-reader-text\">Agujero Negro.<\/span><\/a><\/p>\n","protected":false},"author":1,"featured_media":0,"parent":0,"menu_order":0,"comment_status":"closed","ping_status":"closed","template":"","meta":[],"_links":{"self":[{"href":"http:\/\/www.robertoguillen.com\/index.php?rest_route=\/wp\/v2\/pages\/168"}],"collection":[{"href":"http:\/\/www.robertoguillen.com\/index.php?rest_route=\/wp\/v2\/pages"}],"about":[{"href":"http:\/\/www.robertoguillen.com\/index.php?rest_route=\/wp\/v2\/types\/page"}],"author":[{"embeddable":true,"href":"http:\/\/www.robertoguillen.com\/index.php?rest_route=\/wp\/v2\/users\/1"}],"replies":[{"embeddable":true,"href":"http:\/\/www.robertoguillen.com\/index.php?rest_route=%2Fwp%2Fv2%2Fcomments&post=168"}],"version-history":[{"count":3,"href":"http:\/\/www.robertoguillen.com\/index.php?rest_route=\/wp\/v2\/pages\/168\/revisions"}],"predecessor-version":[{"id":173,"href":"http:\/\/www.robertoguillen.com\/index.php?rest_route=\/wp\/v2\/pages\/168\/revisions\/173"}],"wp:attachment":[{"href":"http:\/\/www.robertoguillen.com\/index.php?rest_route=%2Fwp%2Fv2%2Fmedia&parent=168"}],"curies":[{"name":"wp","href":"https:\/\/api.w.org\/{rel}","templated":true}]}}