{"id":118,"date":"2016-06-29T21:22:51","date_gmt":"2016-06-29T21:22:51","guid":{"rendered":"http:\/\/www.robertoguillen.com\/?page_id=118"},"modified":"2017-12-18T22:11:27","modified_gmt":"2017-12-18T22:11:27","slug":"serie-tjenis","status":"publish","type":"page","link":"http:\/\/www.robertoguillen.com\/?page_id=118","title":{"rendered":"Serie TJENIS"},"content":{"rendered":"<p><strong>T\u00edtulo:<\/strong> Serie TJENIS.<br \/>\n<strong>Medidas:<\/strong> 100&#215;70 cada.<br \/>\n<strong>T\u00e9cnica:<\/strong> Tinta sobre papel.<br \/>\n<strong>A\u00f1o:<\/strong> 2016.<\/p>\n<p>Repetici\u00f3n sistem\u00e1tica con rotuladores para ni\u00f1os de la superficie IKEA.<br \/>\nFrase: THISIS[color]. Registro del n\u00famero total de repeticiones as\u00ed como de la frecuencia diaria (registro temporal) de realizaci\u00f3n.<\/p>\n<hr \/>\n<p><img loading=\"lazy\" class=\"aligncenter size-full wp-image-505\" src=\"http:\/\/www.robertoguillen.com\/wp-content\/uploads\/2017\/12\/SerieTJENIS.jpg\" alt=\"\" width=\"1250\" height=\"178\" srcset=\"http:\/\/www.robertoguillen.com\/wp-content\/uploads\/2017\/12\/SerieTJENIS.jpg 1250w, http:\/\/www.robertoguillen.com\/wp-content\/uploads\/2017\/12\/SerieTJENIS-300x43.jpg 300w, http:\/\/www.robertoguillen.com\/wp-content\/uploads\/2017\/12\/SerieTJENIS-768x109.jpg 768w, http:\/\/www.robertoguillen.com\/wp-content\/uploads\/2017\/12\/SerieTJENIS-1024x146.jpg 1024w\" sizes=\"(max-width: 1250px) 100vw, 1250px\" \/><\/p>\n<hr \/>\n<p style=\"text-align: center;\">.\u00a03097 Yellows.<\/p>\n<p style=\"text-align: center;\"><img loading=\"lazy\" class=\"size-full wp-image-119\" src=\"http:\/\/www.robertoguillen.com\/wp-content\/uploads\/2016\/06\/01.-3097-Yellows.-100x70.-2016-.jpg\" alt=\"01. 3097 Yellows. 100x70. 2016\" width=\"800\" height=\"1204\" srcset=\"http:\/\/www.robertoguillen.com\/wp-content\/uploads\/2016\/06\/01.-3097-Yellows.-100x70.-2016-.jpg 800w, http:\/\/www.robertoguillen.com\/wp-content\/uploads\/2016\/06\/01.-3097-Yellows.-100x70.-2016--199x300.jpg 199w, http:\/\/www.robertoguillen.com\/wp-content\/uploads\/2016\/06\/01.-3097-Yellows.-100x70.-2016--768x1156.jpg 768w, http:\/\/www.robertoguillen.com\/wp-content\/uploads\/2016\/06\/01.-3097-Yellows.-100x70.-2016--680x1024.jpg 680w\" sizes=\"(max-width: 800px) 100vw, 800px\" \/><\/p>\n<p style=\"text-align: center;\">.Detalle.<\/p>\n<p style=\"text-align: center;\"><img loading=\"lazy\" class=\"size-full wp-image-120\" src=\"http:\/\/www.robertoguillen.com\/wp-content\/uploads\/2016\/06\/001.jpg\" alt=\"001\" width=\"600\" height=\"600\" srcset=\"http:\/\/www.robertoguillen.com\/wp-content\/uploads\/2016\/06\/001.jpg 600w, http:\/\/www.robertoguillen.com\/wp-content\/uploads\/2016\/06\/001-150x150.jpg 150w, http:\/\/www.robertoguillen.com\/wp-content\/uploads\/2016\/06\/001-300x300.jpg 300w\" sizes=\"(max-width: 600px) 100vw, 600px\" \/><\/p>\n<hr \/>\n<p style=\"text-align: center;\">.3461 Oranges.<\/p>\n<p style=\"text-align: center;\"><img loading=\"lazy\" class=\"size-full wp-image-121\" src=\"http:\/\/www.robertoguillen.com\/wp-content\/uploads\/2016\/06\/02.-3461-Oranges.-100x70.-2016.jpg\" alt=\"02. 3461 Oranges. 100x70. 2016\" width=\"800\" height=\"1204\" srcset=\"http:\/\/www.robertoguillen.com\/wp-content\/uploads\/2016\/06\/02.-3461-Oranges.-100x70.-2016.jpg 800w, http:\/\/www.robertoguillen.com\/wp-content\/uploads\/2016\/06\/02.-3461-Oranges.-100x70.-2016-199x300.jpg 199w, http:\/\/www.robertoguillen.com\/wp-content\/uploads\/2016\/06\/02.-3461-Oranges.-100x70.-2016-768x1156.jpg 768w, http:\/\/www.robertoguillen.com\/wp-content\/uploads\/2016\/06\/02.-3461-Oranges.-100x70.-2016-680x1024.jpg 680w\" sizes=\"(max-width: 800px) 100vw, 800px\" \/><\/p>\n<p style=\"text-align: center;\">.Detalle.<\/p>\n<p style=\"text-align: center;\"><img loading=\"lazy\" class=\"size-full wp-image-122\" src=\"http:\/\/www.robertoguillen.com\/wp-content\/uploads\/2016\/06\/002.jpg\" alt=\"002\" width=\"600\" height=\"600\" srcset=\"http:\/\/www.robertoguillen.com\/wp-content\/uploads\/2016\/06\/002.jpg 600w, http:\/\/www.robertoguillen.com\/wp-content\/uploads\/2016\/06\/002-150x150.jpg 150w, http:\/\/www.robertoguillen.com\/wp-content\/uploads\/2016\/06\/002-300x300.jpg 300w\" sizes=\"(max-width: 600px) 100vw, 600px\" \/><\/p>\n<hr \/>\n<p style=\"text-align: center;\">.4881 Reds.<\/p>\n<p style=\"text-align: center;\"><img loading=\"lazy\" class=\"size-full wp-image-123\" src=\"http:\/\/www.robertoguillen.com\/wp-content\/uploads\/2016\/06\/03.-4881-Reds.-100x70.-2016.jpg\" alt=\"03. 4881 Reds. 100x70. 2016\" width=\"800\" height=\"1204\" srcset=\"http:\/\/www.robertoguillen.com\/wp-content\/uploads\/2016\/06\/03.-4881-Reds.-100x70.-2016.jpg 800w, http:\/\/www.robertoguillen.com\/wp-content\/uploads\/2016\/06\/03.-4881-Reds.-100x70.-2016-199x300.jpg 199w, http:\/\/www.robertoguillen.com\/wp-content\/uploads\/2016\/06\/03.-4881-Reds.-100x70.-2016-768x1156.jpg 768w, http:\/\/www.robertoguillen.com\/wp-content\/uploads\/2016\/06\/03.-4881-Reds.-100x70.-2016-680x1024.jpg 680w\" sizes=\"(max-width: 800px) 100vw, 800px\" \/><\/p>\n<p style=\"text-align: center;\">.Detalle.<\/p>\n<p style=\"text-align: center;\"><img loading=\"lazy\" class=\"size-full wp-image-124\" src=\"http:\/\/www.robertoguillen.com\/wp-content\/uploads\/2016\/06\/003.jpg\" alt=\"003\" width=\"600\" height=\"600\" srcset=\"http:\/\/www.robertoguillen.com\/wp-content\/uploads\/2016\/06\/003.jpg 600w, http:\/\/www.robertoguillen.com\/wp-content\/uploads\/2016\/06\/003-150x150.jpg 150w, http:\/\/www.robertoguillen.com\/wp-content\/uploads\/2016\/06\/003-300x300.jpg 300w\" sizes=\"(max-width: 600px) 100vw, 600px\" \/><\/p>\n<hr \/>\n<p style=\"text-align: center;\">.3713 Purples.<\/p>\n<p style=\"text-align: center;\"><img loading=\"lazy\" class=\"size-full wp-image-125\" src=\"http:\/\/www.robertoguillen.com\/wp-content\/uploads\/2016\/06\/04.-3713-Purples.-100x70.-2016.jpg\" alt=\"04. 3713 Purples. 100x70. 2016\" width=\"800\" height=\"1204\" srcset=\"http:\/\/www.robertoguillen.com\/wp-content\/uploads\/2016\/06\/04.-3713-Purples.-100x70.-2016.jpg 800w, http:\/\/www.robertoguillen.com\/wp-content\/uploads\/2016\/06\/04.-3713-Purples.-100x70.-2016-199x300.jpg 199w, http:\/\/www.robertoguillen.com\/wp-content\/uploads\/2016\/06\/04.-3713-Purples.-100x70.-2016-768x1156.jpg 768w, http:\/\/www.robertoguillen.com\/wp-content\/uploads\/2016\/06\/04.-3713-Purples.-100x70.-2016-680x1024.jpg 680w\" sizes=\"(max-width: 800px) 100vw, 800px\" \/><\/p>\n<p style=\"text-align: center;\">.Detalle.<\/p>\n<p style=\"text-align: center;\"><img loading=\"lazy\" class=\"size-full wp-image-126\" src=\"http:\/\/www.robertoguillen.com\/wp-content\/uploads\/2016\/06\/004.jpg\" alt=\"004\" width=\"600\" height=\"600\" srcset=\"http:\/\/www.robertoguillen.com\/wp-content\/uploads\/2016\/06\/004.jpg 600w, http:\/\/www.robertoguillen.com\/wp-content\/uploads\/2016\/06\/004-150x150.jpg 150w, http:\/\/www.robertoguillen.com\/wp-content\/uploads\/2016\/06\/004-300x300.jpg 300w\" sizes=\"(max-width: 600px) 100vw, 600px\" \/><\/p>\n<hr \/>\n<p style=\"text-align: center;\">.3049 Dark Blues.<\/p>\n<p style=\"text-align: center;\"><img loading=\"lazy\" class=\"size-full wp-image-127\" src=\"http:\/\/www.robertoguillen.com\/wp-content\/uploads\/2016\/06\/05.-3049-Dark-Blues.-100x70.-2016.jpg\" alt=\"05. 3049 Dark Blues. 100x70. 2016\" width=\"800\" height=\"1204\" srcset=\"http:\/\/www.robertoguillen.com\/wp-content\/uploads\/2016\/06\/05.-3049-Dark-Blues.-100x70.-2016.jpg 800w, http:\/\/www.robertoguillen.com\/wp-content\/uploads\/2016\/06\/05.-3049-Dark-Blues.-100x70.-2016-199x300.jpg 199w, http:\/\/www.robertoguillen.com\/wp-content\/uploads\/2016\/06\/05.-3049-Dark-Blues.-100x70.-2016-768x1156.jpg 768w, http:\/\/www.robertoguillen.com\/wp-content\/uploads\/2016\/06\/05.-3049-Dark-Blues.-100x70.-2016-680x1024.jpg 680w\" sizes=\"(max-width: 800px) 100vw, 800px\" \/><\/p>\n<p style=\"text-align: center;\">.Detalle.<\/p>\n<p style=\"text-align: center;\"><img loading=\"lazy\" class=\"size-full wp-image-128\" src=\"http:\/\/www.robertoguillen.com\/wp-content\/uploads\/2016\/06\/005.jpg\" alt=\"005\" width=\"600\" height=\"600\" srcset=\"http:\/\/www.robertoguillen.com\/wp-content\/uploads\/2016\/06\/005.jpg 600w, http:\/\/www.robertoguillen.com\/wp-content\/uploads\/2016\/06\/005-150x150.jpg 150w, http:\/\/www.robertoguillen.com\/wp-content\/uploads\/2016\/06\/005-300x300.jpg 300w\" sizes=\"(max-width: 600px) 100vw, 600px\" \/><\/p>\n<hr \/>\n<p style=\"text-align: center;\">.4520 Blues.<\/p>\n<p style=\"text-align: center;\"><img loading=\"lazy\" class=\"size-full wp-image-129\" src=\"http:\/\/www.robertoguillen.com\/wp-content\/uploads\/2016\/06\/06.-4520-Blues.-100x70.-2016.jpg\" alt=\"06. 4520 Blues. 100x70. 2016\" width=\"800\" height=\"1204\" srcset=\"http:\/\/www.robertoguillen.com\/wp-content\/uploads\/2016\/06\/06.-4520-Blues.-100x70.-2016.jpg 800w, http:\/\/www.robertoguillen.com\/wp-content\/uploads\/2016\/06\/06.-4520-Blues.-100x70.-2016-199x300.jpg 199w, http:\/\/www.robertoguillen.com\/wp-content\/uploads\/2016\/06\/06.-4520-Blues.-100x70.-2016-768x1156.jpg 768w, http:\/\/www.robertoguillen.com\/wp-content\/uploads\/2016\/06\/06.-4520-Blues.-100x70.-2016-680x1024.jpg 680w\" sizes=\"(max-width: 800px) 100vw, 800px\" \/><\/p>\n<p style=\"text-align: center;\">.Detalle.<\/p>\n<p style=\"text-align: center;\"><img loading=\"lazy\" class=\"size-full wp-image-130\" src=\"http:\/\/www.robertoguillen.com\/wp-content\/uploads\/2016\/06\/006.jpg\" alt=\"006\" width=\"600\" height=\"600\" srcset=\"http:\/\/www.robertoguillen.com\/wp-content\/uploads\/2016\/06\/006.jpg 600w, http:\/\/www.robertoguillen.com\/wp-content\/uploads\/2016\/06\/006-150x150.jpg 150w, http:\/\/www.robertoguillen.com\/wp-content\/uploads\/2016\/06\/006-300x300.jpg 300w\" sizes=\"(max-width: 600px) 100vw, 600px\" \/><\/p>\n<hr \/>\n<p style=\"text-align: center;\">.3840 Greens.<\/p>\n<p style=\"text-align: center;\"><img loading=\"lazy\" class=\"size-full wp-image-131\" src=\"http:\/\/www.robertoguillen.com\/wp-content\/uploads\/2016\/06\/07.-3840-Greens.-100x70.-2016.jpg\" alt=\"07. 3840 Greens. 100x70. 2016\" width=\"800\" height=\"1204\" srcset=\"http:\/\/www.robertoguillen.com\/wp-content\/uploads\/2016\/06\/07.-3840-Greens.-100x70.-2016.jpg 800w, http:\/\/www.robertoguillen.com\/wp-content\/uploads\/2016\/06\/07.-3840-Greens.-100x70.-2016-199x300.jpg 199w, http:\/\/www.robertoguillen.com\/wp-content\/uploads\/2016\/06\/07.-3840-Greens.-100x70.-2016-768x1156.jpg 768w, http:\/\/www.robertoguillen.com\/wp-content\/uploads\/2016\/06\/07.-3840-Greens.-100x70.-2016-680x1024.jpg 680w\" sizes=\"(max-width: 800px) 100vw, 800px\" \/><\/p>\n<p style=\"text-align: center;\">.Detalle.<\/p>\n<p style=\"text-align: center;\"><img loading=\"lazy\" class=\"size-full wp-image-132\" src=\"http:\/\/www.robertoguillen.com\/wp-content\/uploads\/2016\/06\/007.jpg\" alt=\"007\" width=\"600\" height=\"600\" srcset=\"http:\/\/www.robertoguillen.com\/wp-content\/uploads\/2016\/06\/007.jpg 600w, http:\/\/www.robertoguillen.com\/wp-content\/uploads\/2016\/06\/007-150x150.jpg 150w, http:\/\/www.robertoguillen.com\/wp-content\/uploads\/2016\/06\/007-300x300.jpg 300w\" sizes=\"(max-width: 600px) 100vw, 600px\" \/><\/p>\n<hr \/>\n<p style=\"text-align: center;\">.3008 Dark Greens.<\/p>\n<p style=\"text-align: center;\"><img loading=\"lazy\" class=\"size-full wp-image-133\" src=\"http:\/\/www.robertoguillen.com\/wp-content\/uploads\/2016\/06\/08.-3008-Dark-Greens.-100x70.-2016.jpg\" alt=\"08. 3008 Dark Greens. 100x70. 2016\" width=\"800\" height=\"1204\" srcset=\"http:\/\/www.robertoguillen.com\/wp-content\/uploads\/2016\/06\/08.-3008-Dark-Greens.-100x70.-2016.jpg 800w, http:\/\/www.robertoguillen.com\/wp-content\/uploads\/2016\/06\/08.-3008-Dark-Greens.-100x70.-2016-199x300.jpg 199w, http:\/\/www.robertoguillen.com\/wp-content\/uploads\/2016\/06\/08.-3008-Dark-Greens.-100x70.-2016-768x1156.jpg 768w, http:\/\/www.robertoguillen.com\/wp-content\/uploads\/2016\/06\/08.-3008-Dark-Greens.-100x70.-2016-680x1024.jpg 680w\" sizes=\"(max-width: 800px) 100vw, 800px\" \/><\/p>\n<p style=\"text-align: center;\">.Detalle.<\/p>\n<p style=\"text-align: center;\"><img loading=\"lazy\" class=\"size-full wp-image-134\" src=\"http:\/\/www.robertoguillen.com\/wp-content\/uploads\/2016\/06\/008.jpg\" alt=\"008\" width=\"600\" height=\"600\" srcset=\"http:\/\/www.robertoguillen.com\/wp-content\/uploads\/2016\/06\/008.jpg 600w, http:\/\/www.robertoguillen.com\/wp-content\/uploads\/2016\/06\/008-150x150.jpg 150w, http:\/\/www.robertoguillen.com\/wp-content\/uploads\/2016\/06\/008-300x300.jpg 300w\" sizes=\"(max-width: 600px) 100vw, 600px\" \/><\/p>\n<hr \/>\n<p style=\"text-align: center;\">.\u00a04209 Browns.<\/p>\n<p style=\"text-align: center;\"><img loading=\"lazy\" class=\"size-full wp-image-135\" src=\"http:\/\/www.robertoguillen.com\/wp-content\/uploads\/2016\/06\/09.-4209-Browns.-100x70.-2016.jpg\" alt=\"09. 4209 Browns. 100x70. 2016\" width=\"800\" height=\"1204\" srcset=\"http:\/\/www.robertoguillen.com\/wp-content\/uploads\/2016\/06\/09.-4209-Browns.-100x70.-2016.jpg 800w, http:\/\/www.robertoguillen.com\/wp-content\/uploads\/2016\/06\/09.-4209-Browns.-100x70.-2016-199x300.jpg 199w, http:\/\/www.robertoguillen.com\/wp-content\/uploads\/2016\/06\/09.-4209-Browns.-100x70.-2016-768x1156.jpg 768w, http:\/\/www.robertoguillen.com\/wp-content\/uploads\/2016\/06\/09.-4209-Browns.-100x70.-2016-680x1024.jpg 680w\" sizes=\"(max-width: 800px) 100vw, 800px\" \/><\/p>\n<p style=\"text-align: center;\">.Detalle.<\/p>\n<p style=\"text-align: center;\"><img loading=\"lazy\" class=\"size-full wp-image-136\" src=\"http:\/\/www.robertoguillen.com\/wp-content\/uploads\/2016\/06\/009.jpg\" alt=\"009\" width=\"600\" height=\"600\" srcset=\"http:\/\/www.robertoguillen.com\/wp-content\/uploads\/2016\/06\/009.jpg 600w, http:\/\/www.robertoguillen.com\/wp-content\/uploads\/2016\/06\/009-150x150.jpg 150w, http:\/\/www.robertoguillen.com\/wp-content\/uploads\/2016\/06\/009-300x300.jpg 300w\" sizes=\"(max-width: 600px) 100vw, 600px\" \/><\/p>\n<hr \/>\n<p style=\"text-align: center;\">.\u00a04491 Blacks.<\/p>\n<p style=\"text-align: center;\"><img loading=\"lazy\" class=\"size-full wp-image-137\" src=\"http:\/\/www.robertoguillen.com\/wp-content\/uploads\/2016\/06\/10.-4491-Blacks.-100x70.-2016.jpg\" alt=\"10. 4491 Blacks. 100x70. 2016\" width=\"800\" height=\"1204\" srcset=\"http:\/\/www.robertoguillen.com\/wp-content\/uploads\/2016\/06\/10.-4491-Blacks.-100x70.-2016.jpg 800w, http:\/\/www.robertoguillen.com\/wp-content\/uploads\/2016\/06\/10.-4491-Blacks.-100x70.-2016-199x300.jpg 199w, http:\/\/www.robertoguillen.com\/wp-content\/uploads\/2016\/06\/10.-4491-Blacks.-100x70.-2016-768x1156.jpg 768w, http:\/\/www.robertoguillen.com\/wp-content\/uploads\/2016\/06\/10.-4491-Blacks.-100x70.-2016-680x1024.jpg 680w\" sizes=\"(max-width: 800px) 100vw, 800px\" \/><\/p>\n<p style=\"text-align: center;\">.Detalle.<\/p>\n<p style=\"text-align: center;\"><img loading=\"lazy\" class=\"size-full wp-image-138\" src=\"http:\/\/www.robertoguillen.com\/wp-content\/uploads\/2016\/06\/010.jpg\" alt=\"010\" width=\"600\" height=\"600\" srcset=\"http:\/\/www.robertoguillen.com\/wp-content\/uploads\/2016\/06\/010.jpg 600w, http:\/\/www.robertoguillen.com\/wp-content\/uploads\/2016\/06\/010-150x150.jpg 150w, http:\/\/www.robertoguillen.com\/wp-content\/uploads\/2016\/06\/010-300x300.jpg 300w\" sizes=\"(max-width: 600px) 100vw, 600px\" \/><\/p>\n<hr \/>\n<p style=\"text-align: center;\"><img loading=\"lazy\" class=\"aligncenter size-full wp-image-140\" src=\"http:\/\/www.robertoguillen.com\/wp-content\/uploads\/2016\/06\/IMG_2882-1.jpg\" alt=\"IMG_2882\" width=\"800\" height=\"800\" srcset=\"http:\/\/www.robertoguillen.com\/wp-content\/uploads\/2016\/06\/IMG_2882-1.jpg 800w, http:\/\/www.robertoguillen.com\/wp-content\/uploads\/2016\/06\/IMG_2882-1-150x150.jpg 150w, http:\/\/www.robertoguillen.com\/wp-content\/uploads\/2016\/06\/IMG_2882-1-300x300.jpg 300w, http:\/\/www.robertoguillen.com\/wp-content\/uploads\/2016\/06\/IMG_2882-1-768x768.jpg 768w\" sizes=\"(max-width: 800px) 100vw, 800px\" \/><\/p>\n","protected":false},"excerpt":{"rendered":"<p>T\u00edtulo: Serie TJENIS. Medidas: 100&#215;70 cada. T\u00e9cnica: Tinta sobre papel. A\u00f1o: 2016. Repetici\u00f3n sistem\u00e1tica con rotuladores para ni\u00f1os de la superficie IKEA. Frase: THISIS[color]. Registro del n\u00famero total de repeticiones as\u00ed como de la frecuencia diaria (registro temporal) de realizaci\u00f3n. .\u00a03097 Yellows. .Detalle. .3461 Oranges. .Detalle. .4881 Reds. .Detalle. .3713 Purples. .Detalle. .3049 Dark Blues.&hellip; <a class=\"more-link\" href=\"http:\/\/www.robertoguillen.com\/?page_id=118\">Seguir leyendo <span class=\"screen-reader-text\">Serie TJENIS<\/span><\/a><\/p>\n","protected":false},"author":1,"featured_media":0,"parent":0,"menu_order":0,"comment_status":"closed","ping_status":"closed","template":"","meta":[],"_links":{"self":[{"href":"http:\/\/www.robertoguillen.com\/index.php?rest_route=\/wp\/v2\/pages\/118"}],"collection":[{"href":"http:\/\/www.robertoguillen.com\/index.php?rest_route=\/wp\/v2\/pages"}],"about":[{"href":"http:\/\/www.robertoguillen.com\/index.php?rest_route=\/wp\/v2\/types\/page"}],"author":[{"embeddable":true,"href":"http:\/\/www.robertoguillen.com\/index.php?rest_route=\/wp\/v2\/users\/1"}],"replies":[{"embeddable":true,"href":"http:\/\/www.robertoguillen.com\/index.php?rest_route=%2Fwp%2Fv2%2Fcomments&post=118"}],"version-history":[{"count":5,"href":"http:\/\/www.robertoguillen.com\/index.php?rest_route=\/wp\/v2\/pages\/118\/revisions"}],"predecessor-version":[{"id":506,"href":"http:\/\/www.robertoguillen.com\/index.php?rest_route=\/wp\/v2\/pages\/118\/revisions\/506"}],"wp:attachment":[{"href":"http:\/\/www.robertoguillen.com\/index.php?rest_route=%2Fwp%2Fv2%2Fmedia&parent=118"}],"curies":[{"name":"wp","href":"https:\/\/api.w.org\/{rel}","templated":true}]}}